{"id":139,"date":"2017-10-22T12:08:40","date_gmt":"2017-10-22T10:08:40","guid":{"rendered":"http:\/\/montblanc-loisirs.com\/?page_id=139"},"modified":"2022-05-25T16:50:21","modified_gmt":"2022-05-25T14:50:21","slug":"tour-mont-blanc","status":"publish","type":"page","link":"https:\/\/montblanc-loisirs.com\/gb\/tour-mont-blanc\/","title":{"rendered":"TOUR OF MONT BLANC"},"content":{"rendered":"<h1 style=\"text-align: center;\">TOUR OF MONT BLANC (TMB)<\/h1>\n<p><strong>This is one of the most famous tour in the Alps<\/strong>. 3 countries to cross by foot (French, Italy, Switzerland) with a total length of 170 kilometers and more than 8000 meters of elevation gain.<\/p>\n<h2>The Tour du Mont-Blanc provide always some great views<\/h2>\n<div id=\"attachment_314\" style=\"width: 810px\" class=\"wp-caption aligncenter\"><a href=\"http:\/\/montblanc-loisirs.com\/wp-content\/uploads\/2017\/07\/val-ferret-sentier-2.jpg\"><img loading=\"lazy\" decoding=\"async\" aria-describedby=\"caption-attachment-314\" class=\"wp-image-314 size-full\" title=\"Trail in val Ferret Italian \" src=\"http:\/\/montblanc-loisirs.com\/wp-content\/uploads\/2017\/07\/val-ferret-sentier-2.jpg\" alt=\"Trail in val Ferret Italian \" width=\"800\" height=\"527\" srcset=\"https:\/\/montblanc-loisirs.com\/wp-content\/uploads\/2017\/07\/val-ferret-sentier-2.jpg 800w, https:\/\/montblanc-loisirs.com\/wp-content\/uploads\/2017\/07\/val-ferret-sentier-2-300x198.jpg 300w, https:\/\/montblanc-loisirs.com\/wp-content\/uploads\/2017\/07\/val-ferret-sentier-2-768x506.jpg 768w\" sizes=\"(max-width: 800px) 100vw, 800px\" \/><\/a><p id=\"caption-attachment-314\" class=\"wp-caption-text\">Trail in val Ferret Italian<\/p><\/div>\n<p>The hiking trip around Tour du Mont-Blanc is duable between 6 to 11 days. Mountain huts and Hotels are located on the tour. After our hiking day we will havinf a good rest for the nignt to a charming village with a great accommodation running by some local people and with a very delightful food.<\/p>\n<h2>Accommodation along the trails<\/h2>\n<div id=\"attachment_184\" style=\"width: 458px\" class=\"wp-caption aligncenter\"><a href=\"http:\/\/montblanc-loisirs.com\/wp-content\/uploads\/2017\/10\/famille-randonn\u00e9e-refuge.jpg\"><img loading=\"lazy\" decoding=\"async\" aria-describedby=\"caption-attachment-184\" class=\"wp-image-184 size-full\" title=\"Early departure after a nice recovery night in a hut \" src=\"http:\/\/montblanc-loisirs.com\/wp-content\/uploads\/2017\/10\/famille-randonn\u00e9e-refuge.jpg\" alt=\"Early departure after a nice recovery night in a hut \" width=\"448\" height=\"252\" srcset=\"https:\/\/montblanc-loisirs.com\/wp-content\/uploads\/2017\/10\/famille-randonn\u00e9e-refuge.jpg 448w, https:\/\/montblanc-loisirs.com\/wp-content\/uploads\/2017\/10\/famille-randonn\u00e9e-refuge-300x169.jpg 300w\" sizes=\"(max-width: 448px) 100vw, 448px\" \/><\/a><p id=\"caption-attachment-184\" class=\"wp-caption-text\">Early departure after a nice recovery night in a hut<\/p><\/div>\n<p>Contact: Email\u00a0<a href=\"mailto:info@montblanc-loisirs.com\"> info@montblanc-loisirs.com<\/a> \/ Phone 00 (33) 661766368<\/p>\n","protected":false},"excerpt":{"rendered":"<p>TOUR OF MONT BLANC (TMB) This is one of the most famous tour in the Alps. 3 countries to cross by foot (French, Italy, Switzerland) with a total length of 170 kilometers and more than 8000 meters of elevation gain. The Tour du Mont-Blanc provide always some great views The hiking trip around Tour du&#8230; <\/p>\n<div class=\"read-more\"><a href=\"https:\/\/montblanc-loisirs.com\/gb\/tour-mont-blanc\/\">Read More<\/a><\/div>\n","protected":false},"author":1,"featured_media":313,"parent":0,"menu_order":0,"comment_status":"closed","ping_status":"closed","template":"","meta":{"two_page_speed":[],"footnotes":""},"translation":{"provider":"WPGlobus","version":"3.0.2","language":"gb","enabled_languages":["fr","gb"],"languages":{"fr":{"title":true,"content":true,"excerpt":false},"gb":{"title":true,"content":true,"excerpt":false}}},"yoast_head":"<!-- This site is optimized with the Yoast SEO plugin v24.5 - https:\/\/yoast.com\/wordpress\/plugins\/seo\/ -->\n<title>TOUR OF MONT BLANC - MONTBLANC-LOISIRS.COM<\/title>\n<meta name=\"description\" content=\"This is one of the most famous tour in the Alps. 3 countries to cross by foot (French, Italy, Switzerland) with a total length of 170 kilometers.\" \/>\n<meta name=\"robots\" content=\"index, follow, max-snippet:-1, max-image-preview:large, max-video-preview:-1\" \/>\n<link rel=\"canonical\" href=\"https:\/\/montblanc-loisirs.com\/tour-mont-blanc\/\" \/>\n<meta property=\"og:locale\" content=\"en_GB\" \/>\n<meta property=\"og:type\" content=\"article\" \/>\n<meta property=\"og:title\" content=\"TOUR OF MONT BLANC - MONTBLANC-LOISIRS.COM\" \/>\n<meta property=\"og:description\" content=\"This is one of the most famous tour in the Alps. 3 countries to cross by foot (French, Italy, Switzerland) with a total length of 170 kilometers.\" \/>\n<meta property=\"og:url\" content=\"https:\/\/montblanc-loisirs.com\/tour-mont-blanc\/\" \/>\n<meta property=\"og:site_name\" content=\"MONTBLANC-LOISIRS.COM\" \/>\n<meta property=\"article:publisher\" content=\"https:\/\/www.facebook.com\/montblancactivities\/\" \/>\n<meta property=\"article:modified_time\" content=\"2022-05-25T14:50:21+00:00\" \/>\n<meta property=\"og:image\" content=\"https:\/\/montblanc-loisirs.com\/wp-content\/uploads\/2017\/07\/val-ferret-sentier-1.jpg\" \/>\n\t<meta property=\"og:image:width\" content=\"448\" \/>\n\t<meta property=\"og:image:height\" content=\"295\" \/>\n\t<meta property=\"og:image:type\" content=\"image\/jpeg\" \/>\n<meta name=\"twitter:card\" content=\"summary_large_image\" \/>\n<meta name=\"twitter:label1\" content=\"Estimated reading time\" \/>\n\t<meta name=\"twitter:data1\" content=\"3 minutes\" \/>\n<script type=\"application\/ld+json\" class=\"yoast-schema-graph\">{\"@context\":\"https:\/\/schema.org\",\"@graph\":[{\"@type\":\"WebPage\",\"@id\":\"https:\/\/montblanc-loisirs.com\/tour-mont-blanc\/\",\"url\":\"https:\/\/montblanc-loisirs.com\/tour-mont-blanc\/\",\"name\":\"TOUR OF MONT BLANC - MONTBLANC-LOISIRS.COM\",\"isPartOf\":{\"@id\":\"https:\/\/montblanc-loisirs.com\/#website\"},\"primaryImageOfPage\":{\"@id\":\"https:\/\/montblanc-loisirs.com\/tour-mont-blanc\/#primaryimage\"},\"image\":{\"@id\":\"https:\/\/montblanc-loisirs.com\/tour-mont-blanc\/#primaryimage\"},\"thumbnailUrl\":\"https:\/\/montblanc-loisirs.com\/wp-content\/uploads\/2017\/07\/val-ferret-sentier-1.jpg\",\"datePublished\":\"2017-10-22T10:08:40+00:00\",\"dateModified\":\"2022-05-25T14:50:21+00:00\",\"description\":\"Le tour du Mont-Blanc est l'un des trekking le plus beau de part sa diversit\u00e9 de paysages. Il permet de randonn\u00e9 en France, Italie Suisse. D\u00e9part Chamonix\",\"breadcrumb\":{\"@id\":\"https:\/\/montblanc-loisirs.com\/tour-mont-blanc\/#breadcrumb\"},\"inLanguage\":\"en-GB\",\"potentialAction\":[{\"@type\":\"ReadAction\",\"target\":[\"https:\/\/montblanc-loisirs.com\/tour-mont-blanc\/\"]}]},{\"@type\":\"ImageObject\",\"inLanguage\":\"en-GB\",\"@id\":\"https:\/\/montblanc-loisirs.com\/tour-mont-blanc\/#primaryimage\",\"url\":\"https:\/\/montblanc-loisirs.com\/wp-content\/uploads\/2017\/07\/val-ferret-sentier-1.jpg\",\"contentUrl\":\"https:\/\/montblanc-loisirs.com\/wp-content\/uploads\/2017\/07\/val-ferret-sentier-1.jpg\",\"width\":448,\"height\":295},{\"@type\":\"BreadcrumbList\",\"@id\":\"https:\/\/montblanc-loisirs.com\/tour-mont-blanc\/#breadcrumb\",\"itemListElement\":[{\"@type\":\"ListItem\",\"position\":1,\"name\":\"Accueil\",\"item\":\"https:\/\/montblanc-loisirs.com\/\"},{\"@type\":\"ListItem\",\"position\":2,\"name\":\"TOUR DU MONT BLANC\"}]},{\"@type\":\"WebSite\",\"@id\":\"https:\/\/montblanc-loisirs.com\/#website\",\"url\":\"https:\/\/montblanc-loisirs.com\/\",\"name\":\"{:fr}MONTBLANC-LOISIRS.COM{:}{:gb}MONTBLANC-LOISIRS.COM{:}\",\"description\":\"OUTDOOR ACTIVITIES AT CHAMONIX AND SURROUND\",\"publisher\":{\"@id\":\"https:\/\/montblanc-loisirs.com\/#\/schema\/person\/ea649604d278c7cb5ff6f6630d66b71c\"},\"potentialAction\":[{\"@type\":\"SearchAction\",\"target\":{\"@type\":\"EntryPoint\",\"urlTemplate\":\"https:\/\/montblanc-loisirs.com\/?s={search_term_string}\"},\"query-input\":{\"@type\":\"PropertyValueSpecification\",\"valueRequired\":true,\"valueName\":\"search_term_string\"}}],\"inLanguage\":\"en-GB\"},{\"@type\":[\"Person\",\"Organization\"],\"@id\":\"https:\/\/montblanc-loisirs.com\/#\/schema\/person\/ea649604d278c7cb5ff6f6630d66b71c\",\"name\":\"admin7555\",\"image\":{\"@type\":\"ImageObject\",\"inLanguage\":\"en-GB\",\"@id\":\"https:\/\/montblanc-loisirs.com\/#\/schema\/person\/image\/\",\"url\":\"https:\/\/secure.gravatar.com\/avatar\/60b22345ab8d28b7016fcf0405769824?s=96&d=mm&r=g\",\"contentUrl\":\"https:\/\/secure.gravatar.com\/avatar\/60b22345ab8d28b7016fcf0405769824?s=96&d=mm&r=g\",\"caption\":\"admin7555\"},\"logo\":{\"@id\":\"https:\/\/montblanc-loisirs.com\/#\/schema\/person\/image\/\"},\"sameAs\":[\"http:\/\/www.montblanc-loisirs.com\",\"https:\/\/www.facebook.com\/montblancactivities\/\"]}]}<\/script>\n<!-- \/ Yoast SEO plugin. -->","yoast_head_json":{"title":"TOUR OF MONT BLANC - MONTBLANC-LOISIRS.COM","description":"This is one of the most famous tour in the Alps. 3 countries to cross by foot (French, Italy, Switzerland) with a total length of 170 kilometers.","robots":{"index":"index","follow":"follow","max-snippet":"max-snippet:-1","max-image-preview":"max-image-preview:large","max-video-preview":"max-video-preview:-1"},"canonical":"https:\/\/montblanc-loisirs.com\/tour-mont-blanc\/","og_locale":"en_GB","og_type":"article","og_title":"TOUR OF MONT BLANC - MONTBLANC-LOISIRS.COM","og_description":"This is one of the most famous tour in the Alps. 3 countries to cross by foot (French, Italy, Switzerland) with a total length of 170 kilometers.","og_url":"https:\/\/montblanc-loisirs.com\/tour-mont-blanc\/","og_site_name":"MONTBLANC-LOISIRS.COM","article_publisher":"https:\/\/www.facebook.com\/montblancactivities\/","article_modified_time":"2022-05-25T14:50:21+00:00","og_image":[{"width":448,"height":295,"url":"https:\/\/montblanc-loisirs.com\/wp-content\/uploads\/2017\/07\/val-ferret-sentier-1.jpg","type":"image\/jpeg"}],"twitter_card":"summary_large_image","twitter_misc":{"Estimated reading time":"3 minutes"},"schema":{"@context":"https:\/\/schema.org","@graph":[{"@type":"WebPage","@id":"https:\/\/montblanc-loisirs.com\/tour-mont-blanc\/","url":"https:\/\/montblanc-loisirs.com\/tour-mont-blanc\/","name":"TOUR OF MONT BLANC - MONTBLANC-LOISIRS.COM","isPartOf":{"@id":"https:\/\/montblanc-loisirs.com\/#website"},"primaryImageOfPage":{"@id":"https:\/\/montblanc-loisirs.com\/tour-mont-blanc\/#primaryimage"},"image":{"@id":"https:\/\/montblanc-loisirs.com\/tour-mont-blanc\/#primaryimage"},"thumbnailUrl":"https:\/\/montblanc-loisirs.com\/wp-content\/uploads\/2017\/07\/val-ferret-sentier-1.jpg","datePublished":"2017-10-22T10:08:40+00:00","dateModified":"2022-05-25T14:50:21+00:00","description":"Le tour du Mont-Blanc est l'un des trekking le plus beau de part sa diversit\u00e9 de paysages. Il permet de randonn\u00e9 en France, Italie Suisse. D\u00e9part Chamonix","breadcrumb":{"@id":"https:\/\/montblanc-loisirs.com\/tour-mont-blanc\/#breadcrumb"},"inLanguage":"en-GB","potentialAction":[{"@type":"ReadAction","target":["https:\/\/montblanc-loisirs.com\/tour-mont-blanc\/"]}]},{"@type":"ImageObject","inLanguage":"en-GB","@id":"https:\/\/montblanc-loisirs.com\/tour-mont-blanc\/#primaryimage","url":"https:\/\/montblanc-loisirs.com\/wp-content\/uploads\/2017\/07\/val-ferret-sentier-1.jpg","contentUrl":"https:\/\/montblanc-loisirs.com\/wp-content\/uploads\/2017\/07\/val-ferret-sentier-1.jpg","width":448,"height":295},{"@type":"BreadcrumbList","@id":"https:\/\/montblanc-loisirs.com\/tour-mont-blanc\/#breadcrumb","itemListElement":[{"@type":"ListItem","position":1,"name":"Accueil","item":"https:\/\/montblanc-loisirs.com\/"},{"@type":"ListItem","position":2,"name":"TOUR DU MONT BLANC"}]},{"@type":"WebSite","@id":"https:\/\/montblanc-loisirs.com\/#website","url":"https:\/\/montblanc-loisirs.com\/","name":"{:fr}MONTBLANC-LOISIRS.COM{:}{:gb}MONTBLANC-LOISIRS.COM{:}","description":"OUTDOOR ACTIVITIES AT CHAMONIX AND SURROUND","publisher":{"@id":"https:\/\/montblanc-loisirs.com\/#\/schema\/person\/ea649604d278c7cb5ff6f6630d66b71c"},"potentialAction":[{"@type":"SearchAction","target":{"@type":"EntryPoint","urlTemplate":"https:\/\/montblanc-loisirs.com\/?s={search_term_string}"},"query-input":{"@type":"PropertyValueSpecification","valueRequired":true,"valueName":"search_term_string"}}],"inLanguage":"en-GB"},{"@type":["Person","Organization"],"@id":"https:\/\/montblanc-loisirs.com\/#\/schema\/person\/ea649604d278c7cb5ff6f6630d66b71c","name":"admin7555","image":{"@type":"ImageObject","inLanguage":"en-GB","@id":"https:\/\/montblanc-loisirs.com\/#\/schema\/person\/image\/","url":"https:\/\/secure.gravatar.com\/avatar\/60b22345ab8d28b7016fcf0405769824?s=96&d=mm&r=g","contentUrl":"https:\/\/secure.gravatar.com\/avatar\/60b22345ab8d28b7016fcf0405769824?s=96&d=mm&r=g","caption":"admin7555"},"logo":{"@id":"https:\/\/montblanc-loisirs.com\/#\/schema\/person\/image\/"},"sameAs":["http:\/\/www.montblanc-loisirs.com","https:\/\/www.facebook.com\/montblancactivities\/"]}]}},"_links":{"self":[{"href":"https:\/\/montblanc-loisirs.com\/gb\/wp-json\/wp\/v2\/pages\/139"}],"collection":[{"href":"https:\/\/montblanc-loisirs.com\/gb\/wp-json\/wp\/v2\/pages"}],"about":[{"href":"https:\/\/montblanc-loisirs.com\/gb\/wp-json\/wp\/v2\/types\/page"}],"author":[{"embeddable":true,"href":"https:\/\/montblanc-loisirs.com\/gb\/wp-json\/wp\/v2\/users\/1"}],"replies":[{"embeddable":true,"href":"https:\/\/montblanc-loisirs.com\/gb\/wp-json\/wp\/v2\/comments?post=139"}],"version-history":[{"count":20,"href":"https:\/\/montblanc-loisirs.com\/gb\/wp-json\/wp\/v2\/pages\/139\/revisions"}],"predecessor-version":[{"id":994,"href":"https:\/\/montblanc-loisirs.com\/gb\/wp-json\/wp\/v2\/pages\/139\/revisions\/994"}],"wp:featuredmedia":[{"embeddable":true,"href":"https:\/\/montblanc-loisirs.com\/gb\/wp-json\/wp\/v2\/media\/313"}],"wp:attachment":[{"href":"https:\/\/montblanc-loisirs.com\/gb\/wp-json\/wp\/v2\/media?parent=139"}],"curies":[{"name":"wp","href":"https:\/\/api.w.org\/{rel}","templated":true}]}}