{"id":30,"date":"2017-07-15T16:32:57","date_gmt":"2017-07-15T14:32:57","guid":{"rendered":"http:\/\/montblanc-loisirs.com\/?page_id=30"},"modified":"2022-05-26T18:03:34","modified_gmt":"2022-05-26T16:03:34","slug":"vtt-chamonix","status":"publish","type":"page","link":"https:\/\/montblanc-loisirs.com\/gb\/vtt-chamonix\/","title":{"rendered":"CHAMONIX MOUNTAIN BIKING"},"content":{"rendered":"<h1 style=\"text-align: center;\">CHAMONIX MOUNTAIN BIKING<\/h1>\n<h2>Would you like to ride Mountain Biking in Chamonix Mont-Blanc or Meg\u00e8ve with a MTB guide?<\/h2>\n<p>Join us for a private biking ride tuition suitable for every level or skills, let me bring you on the must fabulous trails in your area (Chamonix, Meg\u00e8ve, Zermatt in Switzerland).<\/p>\n<p>&nbsp;<\/p>\n<h2>MOUNTAIN BIKE SCHOOL<\/h2>\n<div id=\"attachment_631\" style=\"width: 310px\" class=\"wp-caption aligncenter\"><a href=\"http:\/\/montblanc-loisirs.com\/vtt-chamonix\/logo-mcf-moniteur-cycliste-francais-richard-etellin\/\"><img loading=\"lazy\" decoding=\"async\" aria-describedby=\"caption-attachment-631\" class=\"wp-image-631 size-medium\" title=\"French Mountain Biking Instructor Association\" src=\"http:\/\/montblanc-loisirs.com\/wp-content\/uploads\/2019\/04\/Logo-MCF-moniteur-cycliste-francais-richard-etellin-300x70.jpg\" alt=\"French Mountain Biking Instructor Association\" width=\"300\" height=\"70\" srcset=\"https:\/\/montblanc-loisirs.com\/wp-content\/uploads\/2019\/04\/Logo-MCF-moniteur-cycliste-francais-richard-etellin-300x70.jpg 300w, https:\/\/montblanc-loisirs.com\/wp-content\/uploads\/2019\/04\/Logo-MCF-moniteur-cycliste-francais-richard-etellin.jpg 448w\" sizes=\"(max-width: 300px) 100vw, 300px\" \/><\/a><p id=\"caption-attachment-631\" class=\"wp-caption-text\">French Mountain Biking Instructor Association<\/p><\/div>\n<h1>New! Try the ELECTRIC MOUNTAIN BIKE<\/h1>\n<p>Even you liked riding mountain bike, you will love the <strong>electric mountain bike<\/strong>.<\/p>\n<p>We will discovered more trails and more beautiful scenery during our electric bike tour in Chamonix and beyond. (tour du Mont-Blanc, Chamonix-Zermatt)<\/p>\n<p>&nbsp;<\/p>\n<h3>Mountain Biking ride from Le Brevent Peak<\/h3>\n<div id=\"attachment_315\" style=\"width: 650px\" class=\"wp-caption aligncenter\"><a href=\"http:\/\/montblanc-loisirs.com\/wp-content\/uploads\/2017\/07\/vtt-bellachat.jpg\"><img loading=\"lazy\" decoding=\"async\" aria-describedby=\"caption-attachment-315\" class=\"wp-image-315 size-full\" title=\"Mountain biking in Chamonix is Magic\" src=\"http:\/\/montblanc-loisirs.com\/wp-content\/uploads\/2017\/07\/vtt-bellachat.jpg\" alt=\"Mountain biking in Chamonix is Magic\" width=\"640\" height=\"344\" srcset=\"https:\/\/montblanc-loisirs.com\/wp-content\/uploads\/2017\/07\/vtt-bellachat.jpg 640w, https:\/\/montblanc-loisirs.com\/wp-content\/uploads\/2017\/07\/vtt-bellachat-300x161.jpg 300w\" sizes=\"(max-width: 640px) 100vw, 640px\" \/><\/a><p id=\"caption-attachment-315\" class=\"wp-caption-text\">Mountain biking in Chamonix is Magic<\/p><\/div>\n<div id=\"attachment_512\" style=\"width: 650px\" class=\"wp-caption aligncenter\"><a href=\"http:\/\/montblanc-loisirs.com\/wp-content\/uploads\/2018\/10\/silhouette-vtt-col-balme-1.jpg\"><img loading=\"lazy\" decoding=\"async\" aria-describedby=\"caption-attachment-512\" class=\"wp-image-512 size-full\" title=\"Taking a break views at Col de Balme\" src=\"http:\/\/montblanc-loisirs.com\/wp-content\/uploads\/2018\/10\/silhouette-vtt-col-balme-1.jpg\" alt=\"Taking a break views at Col de Balme\" width=\"640\" height=\"393\" srcset=\"https:\/\/montblanc-loisirs.com\/wp-content\/uploads\/2018\/10\/silhouette-vtt-col-balme-1.jpg 640w, https:\/\/montblanc-loisirs.com\/wp-content\/uploads\/2018\/10\/silhouette-vtt-col-balme-1-300x184.jpg 300w\" sizes=\"(max-width: 640px) 100vw, 640px\" \/><\/a><p id=\"caption-attachment-512\" class=\"wp-caption-text\">Taking a break views at Col de Balme<\/p><\/div>\n<p>&nbsp;<\/p>\n<h2>Electric Mountain Biking in Chamonix with a guide<\/h2>\n<div id=\"attachment_509\" style=\"width: 650px\" class=\"wp-caption aligncenter\"><a href=\"http:\/\/montblanc-loisirs.com\/wp-content\/uploads\/2018\/10\/Vtt-electrique-col-de-Balme.jpg\"><img loading=\"lazy\" decoding=\"async\" aria-describedby=\"caption-attachment-509\" class=\"size-full wp-image-509\" src=\"http:\/\/montblanc-loisirs.com\/wp-content\/uploads\/2018\/10\/Vtt-electrique-col-de-Balme.jpg\" alt=\"Electric Mountain Bike in Col de Balme\" width=\"640\" height=\"422\" srcset=\"https:\/\/montblanc-loisirs.com\/wp-content\/uploads\/2018\/10\/Vtt-electrique-col-de-Balme.jpg 640w, https:\/\/montblanc-loisirs.com\/wp-content\/uploads\/2018\/10\/Vtt-electrique-col-de-Balme-300x198.jpg 300w\" sizes=\"(max-width: 640px) 100vw, 640px\" \/><\/a><p id=\"caption-attachment-509\" class=\"wp-caption-text\">Electric Mountain Bike in Col de Balme<\/p><\/div>\n<p>This is the new way to discovered the mountain biking trails. Come and test the<strong> Electric bike with Montblanc Loisirs<\/strong><span style=\"word-spacing: normal;\">.\u00a0<\/span><\/p>\n<p>Find here our biking rental shops partner.<\/p>\n<p>Contact: Email\u00a0<a href=\"mailto:info@montblanc-loisirs.com\"> info@montblanc-loisirs.com<\/a> \/ Phone 00 (33) 661766368<\/p>\n<p>&nbsp;<\/p>\n","protected":false},"excerpt":{"rendered":"<p>CHAMONIX MOUNTAIN BIKING Would you like to ride Mountain Biking in Chamonix Mont-Blanc or Meg\u00e8ve with a MTB guide? Join us for a private biking ride tuition suitable for every level or skills, let me bring you on the must fabulous trails in your area (Chamonix, Meg\u00e8ve, Zermatt in Switzerland). &nbsp; MOUNTAIN BIKE SCHOOL New!&#8230; <\/p>\n<div class=\"read-more\"><a href=\"https:\/\/montblanc-loisirs.com\/gb\/vtt-chamonix\/\">Read More<\/a><\/div>\n","protected":false},"author":1,"featured_media":509,"parent":0,"menu_order":0,"comment_status":"closed","ping_status":"closed","template":"","meta":{"two_page_speed":[],"footnotes":""},"translation":{"provider":"WPGlobus","version":"3.0.2","language":"gb","enabled_languages":["fr","gb"],"languages":{"fr":{"title":true,"content":true,"excerpt":false},"gb":{"title":true,"content":true,"excerpt":false}}},"yoast_head":"<!-- This site is optimized with the Yoast SEO plugin v24.5 - https:\/\/yoast.com\/wordpress\/plugins\/seo\/ -->\n<title>CHAMONIX MOUNTAIN BIKING - MONTBLANC-LOISIRS.COM<\/title>\n<meta name=\"robots\" content=\"index, follow, max-snippet:-1, max-image-preview:large, max-video-preview:-1\" \/>\n<link rel=\"canonical\" href=\"https:\/\/montblanc-loisirs.com\/vtt-chamonix\/\" \/>\n<meta property=\"og:locale\" content=\"en_GB\" \/>\n<meta property=\"og:type\" content=\"article\" \/>\n<meta property=\"og:title\" content=\"CHAMONIX MOUNTAIN BIKING - MONTBLANC-LOISIRS.COM\" \/>\n<meta property=\"og:url\" content=\"https:\/\/montblanc-loisirs.com\/vtt-chamonix\/\" \/>\n<meta property=\"og:site_name\" content=\"MONTBLANC-LOISIRS.COM\" \/>\n<meta property=\"article:publisher\" content=\"https:\/\/www.facebook.com\/montblancactivities\/\" \/>\n<meta property=\"article:modified_time\" content=\"2022-05-26T16:03:34+00:00\" \/>\n<meta property=\"og:image\" content=\"https:\/\/montblanc-loisirs.com\/wp-content\/uploads\/2018\/10\/Vtt-electrique-col-de-Balme.jpg\" \/>\n\t<meta property=\"og:image:width\" content=\"640\" \/>\n\t<meta property=\"og:image:height\" content=\"422\" \/>\n\t<meta property=\"og:image:type\" content=\"image\/jpeg\" \/>\n<meta name=\"twitter:card\" content=\"summary_large_image\" \/>\n<meta name=\"twitter:label1\" content=\"Estimated reading time\" \/>\n\t<meta name=\"twitter:data1\" content=\"5 minutes\" \/>\n<script type=\"application\/ld+json\" class=\"yoast-schema-graph\">{\"@context\":\"https:\/\/schema.org\",\"@graph\":[{\"@type\":\"WebPage\",\"@id\":\"https:\/\/montblanc-loisirs.com\/vtt-chamonix\/\",\"url\":\"https:\/\/montblanc-loisirs.com\/vtt-chamonix\/\",\"name\":\"CHAMONIX MOUNTAIN BIKING - MONTBLANC-LOISIRS.COM\",\"isPartOf\":{\"@id\":\"https:\/\/montblanc-loisirs.com\/#website\"},\"primaryImageOfPage\":{\"@id\":\"https:\/\/montblanc-loisirs.com\/vtt-chamonix\/#primaryimage\"},\"image\":{\"@id\":\"https:\/\/montblanc-loisirs.com\/vtt-chamonix\/#primaryimage\"},\"thumbnailUrl\":\"https:\/\/montblanc-loisirs.com\/wp-content\/uploads\/2018\/10\/Vtt-electrique-col-de-Balme.jpg\",\"datePublished\":\"2017-07-15T14:32:57+00:00\",\"dateModified\":\"2022-05-26T16:03:34+00:00\",\"description\":\"Sortie VTT Chamonix avec un moniteur dipl\u00f4m\u00e9 d'\u00e9tat. R\u00e9servez vos cours particuliers aupr\u00e8s de Richard Etellin. Le\u00e7ons pour tous niveaux. Descente, VTT \u00e9lectrique.\",\"breadcrumb\":{\"@id\":\"https:\/\/montblanc-loisirs.com\/vtt-chamonix\/#breadcrumb\"},\"inLanguage\":\"en-GB\",\"potentialAction\":[{\"@type\":\"ReadAction\",\"target\":[\"https:\/\/montblanc-loisirs.com\/vtt-chamonix\/\"]}]},{\"@type\":\"ImageObject\",\"inLanguage\":\"en-GB\",\"@id\":\"https:\/\/montblanc-loisirs.com\/vtt-chamonix\/#primaryimage\",\"url\":\"https:\/\/montblanc-loisirs.com\/wp-content\/uploads\/2018\/10\/Vtt-electrique-col-de-Balme.jpg\",\"contentUrl\":\"https:\/\/montblanc-loisirs.com\/wp-content\/uploads\/2018\/10\/Vtt-electrique-col-de-Balme.jpg\",\"width\":640,\"height\":422,\"caption\":\"Electric Mountain Bike in Col de Balme\"},{\"@type\":\"BreadcrumbList\",\"@id\":\"https:\/\/montblanc-loisirs.com\/vtt-chamonix\/#breadcrumb\",\"itemListElement\":[{\"@type\":\"ListItem\",\"position\":1,\"name\":\"Accueil\",\"item\":\"https:\/\/montblanc-loisirs.com\/\"},{\"@type\":\"ListItem\",\"position\":2,\"name\":\"VTT CHAMONIX\"}]},{\"@type\":\"WebSite\",\"@id\":\"https:\/\/montblanc-loisirs.com\/#website\",\"url\":\"https:\/\/montblanc-loisirs.com\/\",\"name\":\"{:fr}MONTBLANC-LOISIRS.COM{:}{:gb}MONTBLANC-LOISIRS.COM{:}\",\"description\":\"OUTDOOR ACTIVITIES AT CHAMONIX AND SURROUND\",\"publisher\":{\"@id\":\"https:\/\/montblanc-loisirs.com\/#\/schema\/person\/ea649604d278c7cb5ff6f6630d66b71c\"},\"potentialAction\":[{\"@type\":\"SearchAction\",\"target\":{\"@type\":\"EntryPoint\",\"urlTemplate\":\"https:\/\/montblanc-loisirs.com\/?s={search_term_string}\"},\"query-input\":{\"@type\":\"PropertyValueSpecification\",\"valueRequired\":true,\"valueName\":\"search_term_string\"}}],\"inLanguage\":\"en-GB\"},{\"@type\":[\"Person\",\"Organization\"],\"@id\":\"https:\/\/montblanc-loisirs.com\/#\/schema\/person\/ea649604d278c7cb5ff6f6630d66b71c\",\"name\":\"admin7555\",\"image\":{\"@type\":\"ImageObject\",\"inLanguage\":\"en-GB\",\"@id\":\"https:\/\/montblanc-loisirs.com\/#\/schema\/person\/image\/\",\"url\":\"https:\/\/secure.gravatar.com\/avatar\/60b22345ab8d28b7016fcf0405769824?s=96&d=mm&r=g\",\"contentUrl\":\"https:\/\/secure.gravatar.com\/avatar\/60b22345ab8d28b7016fcf0405769824?s=96&d=mm&r=g\",\"caption\":\"admin7555\"},\"logo\":{\"@id\":\"https:\/\/montblanc-loisirs.com\/#\/schema\/person\/image\/\"},\"sameAs\":[\"http:\/\/www.montblanc-loisirs.com\",\"https:\/\/www.facebook.com\/montblancactivities\/\"]}]}<\/script>\n<!-- \/ Yoast SEO plugin. -->","yoast_head_json":{"title":"CHAMONIX MOUNTAIN BIKING - MONTBLANC-LOISIRS.COM","robots":{"index":"index","follow":"follow","max-snippet":"max-snippet:-1","max-image-preview":"max-image-preview:large","max-video-preview":"max-video-preview:-1"},"canonical":"https:\/\/montblanc-loisirs.com\/vtt-chamonix\/","og_locale":"en_GB","og_type":"article","og_title":"CHAMONIX MOUNTAIN BIKING - MONTBLANC-LOISIRS.COM","og_url":"https:\/\/montblanc-loisirs.com\/vtt-chamonix\/","og_site_name":"MONTBLANC-LOISIRS.COM","article_publisher":"https:\/\/www.facebook.com\/montblancactivities\/","article_modified_time":"2022-05-26T16:03:34+00:00","og_image":[{"width":640,"height":422,"url":"https:\/\/montblanc-loisirs.com\/wp-content\/uploads\/2018\/10\/Vtt-electrique-col-de-Balme.jpg","type":"image\/jpeg"}],"twitter_card":"summary_large_image","twitter_misc":{"Estimated reading time":"5 minutes"},"schema":{"@context":"https:\/\/schema.org","@graph":[{"@type":"WebPage","@id":"https:\/\/montblanc-loisirs.com\/vtt-chamonix\/","url":"https:\/\/montblanc-loisirs.com\/vtt-chamonix\/","name":"CHAMONIX MOUNTAIN BIKING - MONTBLANC-LOISIRS.COM","isPartOf":{"@id":"https:\/\/montblanc-loisirs.com\/#website"},"primaryImageOfPage":{"@id":"https:\/\/montblanc-loisirs.com\/vtt-chamonix\/#primaryimage"},"image":{"@id":"https:\/\/montblanc-loisirs.com\/vtt-chamonix\/#primaryimage"},"thumbnailUrl":"https:\/\/montblanc-loisirs.com\/wp-content\/uploads\/2018\/10\/Vtt-electrique-col-de-Balme.jpg","datePublished":"2017-07-15T14:32:57+00:00","dateModified":"2022-05-26T16:03:34+00:00","description":"Sortie VTT Chamonix avec un moniteur dipl\u00f4m\u00e9 d'\u00e9tat. R\u00e9servez vos cours particuliers aupr\u00e8s de Richard Etellin. Le\u00e7ons pour tous niveaux. Descente, VTT \u00e9lectrique.","breadcrumb":{"@id":"https:\/\/montblanc-loisirs.com\/vtt-chamonix\/#breadcrumb"},"inLanguage":"en-GB","potentialAction":[{"@type":"ReadAction","target":["https:\/\/montblanc-loisirs.com\/vtt-chamonix\/"]}]},{"@type":"ImageObject","inLanguage":"en-GB","@id":"https:\/\/montblanc-loisirs.com\/vtt-chamonix\/#primaryimage","url":"https:\/\/montblanc-loisirs.com\/wp-content\/uploads\/2018\/10\/Vtt-electrique-col-de-Balme.jpg","contentUrl":"https:\/\/montblanc-loisirs.com\/wp-content\/uploads\/2018\/10\/Vtt-electrique-col-de-Balme.jpg","width":640,"height":422,"caption":"Electric Mountain Bike in Col de Balme"},{"@type":"BreadcrumbList","@id":"https:\/\/montblanc-loisirs.com\/vtt-chamonix\/#breadcrumb","itemListElement":[{"@type":"ListItem","position":1,"name":"Accueil","item":"https:\/\/montblanc-loisirs.com\/"},{"@type":"ListItem","position":2,"name":"VTT CHAMONIX"}]},{"@type":"WebSite","@id":"https:\/\/montblanc-loisirs.com\/#website","url":"https:\/\/montblanc-loisirs.com\/","name":"{:fr}MONTBLANC-LOISIRS.COM{:}{:gb}MONTBLANC-LOISIRS.COM{:}","description":"OUTDOOR ACTIVITIES AT CHAMONIX AND SURROUND","publisher":{"@id":"https:\/\/montblanc-loisirs.com\/#\/schema\/person\/ea649604d278c7cb5ff6f6630d66b71c"},"potentialAction":[{"@type":"SearchAction","target":{"@type":"EntryPoint","urlTemplate":"https:\/\/montblanc-loisirs.com\/?s={search_term_string}"},"query-input":{"@type":"PropertyValueSpecification","valueRequired":true,"valueName":"search_term_string"}}],"inLanguage":"en-GB"},{"@type":["Person","Organization"],"@id":"https:\/\/montblanc-loisirs.com\/#\/schema\/person\/ea649604d278c7cb5ff6f6630d66b71c","name":"admin7555","image":{"@type":"ImageObject","inLanguage":"en-GB","@id":"https:\/\/montblanc-loisirs.com\/#\/schema\/person\/image\/","url":"https:\/\/secure.gravatar.com\/avatar\/60b22345ab8d28b7016fcf0405769824?s=96&d=mm&r=g","contentUrl":"https:\/\/secure.gravatar.com\/avatar\/60b22345ab8d28b7016fcf0405769824?s=96&d=mm&r=g","caption":"admin7555"},"logo":{"@id":"https:\/\/montblanc-loisirs.com\/#\/schema\/person\/image\/"},"sameAs":["http:\/\/www.montblanc-loisirs.com","https:\/\/www.facebook.com\/montblancactivities\/"]}]}},"_links":{"self":[{"href":"https:\/\/montblanc-loisirs.com\/gb\/wp-json\/wp\/v2\/pages\/30"}],"collection":[{"href":"https:\/\/montblanc-loisirs.com\/gb\/wp-json\/wp\/v2\/pages"}],"about":[{"href":"https:\/\/montblanc-loisirs.com\/gb\/wp-json\/wp\/v2\/types\/page"}],"author":[{"embeddable":true,"href":"https:\/\/montblanc-loisirs.com\/gb\/wp-json\/wp\/v2\/users\/1"}],"replies":[{"embeddable":true,"href":"https:\/\/montblanc-loisirs.com\/gb\/wp-json\/wp\/v2\/comments?post=30"}],"version-history":[{"count":50,"href":"https:\/\/montblanc-loisirs.com\/gb\/wp-json\/wp\/v2\/pages\/30\/revisions"}],"predecessor-version":[{"id":1021,"href":"https:\/\/montblanc-loisirs.com\/gb\/wp-json\/wp\/v2\/pages\/30\/revisions\/1021"}],"wp:featuredmedia":[{"embeddable":true,"href":"https:\/\/montblanc-loisirs.com\/gb\/wp-json\/wp\/v2\/media\/509"}],"wp:attachment":[{"href":"https:\/\/montblanc-loisirs.com\/gb\/wp-json\/wp\/v2\/media?parent=30"}],"curies":[{"name":"wp","href":"https:\/\/api.w.org\/{rel}","templated":true}]}}