{"id":336,"date":"2017-10-24T11:22:04","date_gmt":"2017-10-24T09:22:04","guid":{"rendered":"http:\/\/montblanc-loisirs.com\/?page_id=336"},"modified":"2025-12-04T13:18:22","modified_gmt":"2025-12-04T12:18:22","slug":"bienvenue-vtt-randonnee-biathlon","status":"publish","type":"page","link":"https:\/\/montblanc-loisirs.com\/gb\/","title":{"rendered":"MONT BLANC LOISIRS BIENVENUE"},"content":{"rendered":"<h1 style=\"text-align: center;\">WELCOME MONT BLANC<\/h1>\n<h1 style=\"text-align: center;\">LOISIRS WEBSITE<\/h1>\n<p>Find here\u00a0 your best outdoor activities\u00a0 in Chamonix Mont-Blanc and surround\u00a0<strong>(hiking, mountain biking, trail running, summer Biathlon, Cross-Country Skiing)<\/strong>\u00a0let&#8217;s me guiding you on the most fantastic trails and more in Chamonix valley\u00a0<strong>(Argenti\u00e8re, les Houches, Courmayeur, Meg\u00e8ve)<\/strong>.<\/p>\n<p>Also some other area like <strong>Zermatt with the Matterhorn\u00a0 magnificent peak<\/strong>.<\/p>\n<h2>Mountain local guide here:<\/h2>\n<h2>PRIVATE MOUNTAIN Biking, Hiking, Trail Running, Summer Biathlon.<\/h2>\n<h2>Tel +33 (06) 61 76 63 68<\/h2>\n<p><a href=\"http:\/\/montblanc-loisirs.com\/mont-blanc-loisirs\/flyer-contact-mont-blanc-loisirs\/\" rel=\"attachment wp-att-758\">Flyer, contact Mont-Blanc Loisirs<\/a><\/p>\n<h2>Stunning mountain view from one of our classic day trip.<\/h2>\n<div id=\"attachment_449\" style=\"width: 650px\" class=\"wp-caption aligncenter\"><a href=\"http:\/\/montblanc-loisirs.com\/wp-content\/uploads\/2018\/10\/lac-de-montagne-montblanc-loisirs.jpg\"><img loading=\"lazy\" decoding=\"async\" aria-describedby=\"caption-attachment-449\" class=\"wp-image-449 size-full\" title=\"Mountain lake and glacier Mont Blanc loisirs\" src=\"http:\/\/montblanc-loisirs.com\/wp-content\/uploads\/2018\/10\/lac-de-montagne-montblanc-loisirs.jpg\" alt=\"Mountain lake and glacier Mont Blanc loisirs\" width=\"640\" height=\"365\" srcset=\"https:\/\/montblanc-loisirs.com\/wp-content\/uploads\/2018\/10\/lac-de-montagne-montblanc-loisirs.jpg 640w, https:\/\/montblanc-loisirs.com\/wp-content\/uploads\/2018\/10\/lac-de-montagne-montblanc-loisirs-300x171.jpg 300w\" sizes=\"(max-width: 640px) 100vw, 640px\" \/><\/a><p id=\"caption-attachment-449\" class=\"wp-caption-text\">Mountain lake and glacier Mont Blanc loisirs<\/p><\/div>\n<p>I am <strong>Richard Etellin, born and raised in Chamonix Mont-Blanc<\/strong>. I am fully qualified for <strong>outdoor mountain activities like Hiking, Mountain Biking, trail running<\/strong> and also in winter time<a href=\"http:\/\/chamonix-cross-country-skiing.com\/en\/\"> Cross-Country Skiing and Biathlon coach<\/a>.<\/p>\n<h2>Richard Etellin (Guide in Chamonix)<\/h2>\n<div id=\"attachment_436\" style=\"width: 457px\" class=\"wp-caption aligncenter\"><a href=\"http:\/\/montblanc-loisirs.com\/wp-content\/uploads\/2018\/10\/Richard-Etellin-portrait-mont-blanc-loirsirs.jpg\"><img loading=\"lazy\" decoding=\"async\" aria-describedby=\"caption-attachment-436\" class=\"wp-image-436 size-full\" title=\"Richard Etellin Ski instructor\/Hiking and Mountain Biking guide\" src=\"http:\/\/montblanc-loisirs.com\/wp-content\/uploads\/2018\/10\/Richard-Etellin-portrait-mont-blanc-loirsirs.jpg\" alt=\"Richard Etellin Ski instructor\/Hiking and Mountain Biking guide\" width=\"447\" height=\"336\" srcset=\"https:\/\/montblanc-loisirs.com\/wp-content\/uploads\/2018\/10\/Richard-Etellin-portrait-mont-blanc-loirsirs.jpg 447w, https:\/\/montblanc-loisirs.com\/wp-content\/uploads\/2018\/10\/Richard-Etellin-portrait-mont-blanc-loirsirs-300x226.jpg 300w\" sizes=\"(max-width: 447px) 100vw, 447px\" \/><\/a><p id=\"caption-attachment-436\" class=\"wp-caption-text\">Richard Etellin Ski instructor\/Hiking and Mountain Biking guide<\/p><\/div>\n<h2>Mountain biking group at the Tour col de Balme<\/h2>\n<div id=\"attachment_257\" style=\"width: 650px\" class=\"wp-caption aligncenter\"><a href=\"http:\/\/montblanc-loisirs.com\/wp-content\/uploads\/2017\/07\/clients-vtt-descente-col-de-balme.jpg\"><img loading=\"lazy\" decoding=\"async\" aria-describedby=\"caption-attachment-257\" class=\"wp-image-257 size-full\" title=\"Downhill bike park in Le Tour with some clients\" src=\"http:\/\/montblanc-loisirs.com\/wp-content\/uploads\/2017\/07\/clients-vtt-descente-col-de-balme.jpg\" alt=\"Downhill bike park in Le Tour with some clients\" width=\"640\" height=\"480\" srcset=\"https:\/\/montblanc-loisirs.com\/wp-content\/uploads\/2017\/07\/clients-vtt-descente-col-de-balme.jpg 640w, https:\/\/montblanc-loisirs.com\/wp-content\/uploads\/2017\/07\/clients-vtt-descente-col-de-balme-300x225.jpg 300w\" sizes=\"(max-width: 640px) 100vw, 640px\" \/><\/a><p id=\"caption-attachment-257\" class=\"wp-caption-text\">Downhill bike park in Le Tour with some clients<\/p><\/div>\n<h2>MOUNTAIN GUIDING ACTIVITIES IN CHAMONIX AND BEYOND ( mountain biking, hiking, trail running, X-C skiing)<\/h2>\n<p><iframe loading=\"lazy\" src=\"https:\/\/www.youtube.com\/embed\/b52ESgOpfLg\" width=\"440\" height=\"360\" frameborder=\"0\" allowfullscreen=\"allowfullscreen\"><\/iframe><\/p>\n<h2><\/h2>\n<h2>The most stunning Biking trails in the Alps<\/h2>\n<div id=\"attachment_686\" style=\"width: 310px\" class=\"wp-caption aligncenter\"><a href=\"http:\/\/montblanc-loisirs.com\/mont-blanc-loisirs\/vtt-chamonix-zermatt\/\" rel=\"attachment wp-att-686\"><img loading=\"lazy\" decoding=\"async\" aria-describedby=\"caption-attachment-686\" class=\"wp-image-686 size-medium\" title=\"Matterhorn view from Haute Route Chamonix Zermatt\" src=\"http:\/\/montblanc-loisirs.com\/wp-content\/uploads\/2019\/06\/Vtt-chamonix-Zermatt-300x253.jpg\" alt=\"Matterhorn view from Haute Route Chamonix Zermatt\" width=\"300\" height=\"253\" srcset=\"https:\/\/montblanc-loisirs.com\/wp-content\/uploads\/2019\/06\/Vtt-chamonix-Zermatt-300x253.jpg 300w, https:\/\/montblanc-loisirs.com\/wp-content\/uploads\/2019\/06\/Vtt-chamonix-Zermatt.jpg 399w\" sizes=\"(max-width: 300px) 100vw, 300px\" \/><\/a><p id=\"caption-attachment-686\" class=\"wp-caption-text\">Matterhorn view from Haute Route Chamonix Zermatt<\/p><\/div>\n<h2 style=\"text-align: center;\">Join me also in winter time to enjoy the X-C ski runs (nordic skiing) in Chamonix<\/h2>\n<div id=\"attachment_272\" style=\"width: 650px\" class=\"wp-caption aligncenter\"><a href=\"http:\/\/montblanc-loisirs.com\/wp-content\/uploads\/2017\/07\/hiver-val-ferret.jpg\"><img loading=\"lazy\" decoding=\"async\" aria-describedby=\"caption-attachment-272\" class=\"wp-image-272 size-full\" src=\"http:\/\/montblanc-loisirs.com\/wp-content\/uploads\/2017\/07\/hiver-val-ferret.jpg\" alt=\"Nordic slopes in Chamonix and surround\" width=\"640\" height=\"360\" srcset=\"https:\/\/montblanc-loisirs.com\/wp-content\/uploads\/2017\/07\/hiver-val-ferret.jpg 640w, https:\/\/montblanc-loisirs.com\/wp-content\/uploads\/2017\/07\/hiver-val-ferret-300x169.jpg 300w\" sizes=\"(max-width: 640px) 100vw, 640px\" \/><\/a><p id=\"caption-attachment-272\" class=\"wp-caption-text\">Nordic slopes in Chamonix and surround<\/p><\/div>\n<p>Chamonix is a fantastic place to discovered the mountain panoramic view that surround you with the highest peak in Europe like the Mont-Blanc 4810 meters, Aiguille du midi 3842 meters. From the Brevent peak or Fl\u00e9g\u00e8re\u00a0 also Le Tour col de Balme, many different possibilities will offert you some incredible view and trails.<\/p>\n<h2 style=\"text-align: center;\">Snowshoeing with fresh snow in Chamonix<\/h2>\n<div id=\"attachment_459\" style=\"width: 458px\" class=\"wp-caption aligncenter\"><a href=\"http:\/\/montblanc-loisirs.com\/wp-content\/uploads\/2018\/10\/tempete.jpg\"><img loading=\"lazy\" decoding=\"async\" aria-describedby=\"caption-attachment-459\" class=\"wp-image-459 size-full\" title=\"Chamonix offering some good trails for Snowshoeing too\" src=\"http:\/\/montblanc-loisirs.com\/wp-content\/uploads\/2018\/10\/tempete.jpg\" alt=\"Chamonix offering some good trails for Snowshoeing too\" width=\"448\" height=\"298\" srcset=\"https:\/\/montblanc-loisirs.com\/wp-content\/uploads\/2018\/10\/tempete.jpg 448w, https:\/\/montblanc-loisirs.com\/wp-content\/uploads\/2018\/10\/tempete-300x200.jpg 300w\" sizes=\"(max-width: 448px) 100vw, 448px\" \/><\/a><p id=\"caption-attachment-459\" class=\"wp-caption-text\">Chamonix offering some good trails for Snowshoeing too<\/p><\/div>\n<h3>SUMMER<\/h3>\n<h3><strong>Mountain biking ride provide some fun whatever your skills.<\/strong><\/h3>\n<div id=\"attachment_612\" style=\"width: 282px\" class=\"wp-caption aligncenter\"><a href=\"http:\/\/montblanc-loisirs.com\/wp-content\/uploads\/2019\/04\/vtt-moniteur-et-enfant.jpg\"><img loading=\"lazy\" decoding=\"async\" aria-describedby=\"caption-attachment-612\" class=\"wp-image-612 size-medium\" title=\"Mountain biking guide with is student riding some trails in Chamonix\" src=\"http:\/\/montblanc-loisirs.com\/wp-content\/uploads\/2019\/04\/vtt-moniteur-et-enfant-272x300.jpg\" alt=\"Mountain biking guide with is student riding some trails in Chamonix\" width=\"272\" height=\"300\" srcset=\"https:\/\/montblanc-loisirs.com\/wp-content\/uploads\/2019\/04\/vtt-moniteur-et-enfant-272x300.jpg 272w, https:\/\/montblanc-loisirs.com\/wp-content\/uploads\/2019\/04\/vtt-moniteur-et-enfant.jpg 336w\" sizes=\"(max-width: 272px) 100vw, 272px\" \/><\/a><p id=\"caption-attachment-612\" class=\"wp-caption-text\">Mountain biking guide with is student riding some trails in Chamonix<\/p><\/div>\n<h3 style=\"text-align: center;\">Toward refuge la Loriaz (Vallorcine)<\/h3>\n<div id=\"attachment_291\" style=\"width: 458px\" class=\"wp-caption aligncenter\"><img loading=\"lazy\" decoding=\"async\" aria-describedby=\"caption-attachment-291\" class=\"wp-image-291 size-full\" title=\"Family hiker above Chamonix\" src=\"http:\/\/montblanc-loisirs.com\/wp-content\/uploads\/2017\/07\/randonn\u00e9e-famille-loriaz.jpg\" alt=\"Family hiker above Chamonix\" width=\"448\" height=\"252\" srcset=\"https:\/\/montblanc-loisirs.com\/wp-content\/uploads\/2017\/07\/randonn\u00e9e-famille-loriaz.jpg 448w, https:\/\/montblanc-loisirs.com\/wp-content\/uploads\/2017\/07\/randonn\u00e9e-famille-loriaz-300x169.jpg 300w\" sizes=\"(max-width: 448px) 100vw, 448px\" \/><p id=\"caption-attachment-291\" class=\"wp-caption-text\">Family hiker above Chamonix<\/p><\/div>\n<p>Contact \/ Booking: Email\u00a0<a href=\"mailto:info@montblanc-loisirs.com\"> info@montblanc-loisirs.com<\/a> \/ Phone 00 (33) 661766368<\/p>\n","protected":false},"excerpt":{"rendered":"<p>WELCOME MONT BLANC LOISIRS WEBSITE Find here\u00a0 your best outdoor activities\u00a0 in Chamonix Mont-Blanc and surround\u00a0(hiking, mountain biking, trail running, summer Biathlon, Cross-Country Skiing)\u00a0let&#8217;s me guiding you on the most fantastic trails and more in Chamonix valley\u00a0(Argenti\u00e8re, les Houches, Courmayeur, Meg\u00e8ve). Also some other area like Zermatt with the Matterhorn\u00a0 magnificent peak. Mountain local guide&#8230; <\/p>\n<div class=\"read-more\"><a href=\"https:\/\/montblanc-loisirs.com\/gb\/\">Read More<\/a><\/div>\n","protected":false},"author":1,"featured_media":449,"parent":0,"menu_order":0,"comment_status":"closed","ping_status":"closed","template":"","meta":{"two_page_speed":null,"footnotes":""},"translation":{"provider":"WPGlobus","version":"3.0.2","language":"gb","enabled_languages":["fr","gb"],"languages":{"fr":{"title":true,"content":true,"excerpt":false},"gb":{"title":true,"content":true,"excerpt":false}}},"yoast_head":"<!-- This site is optimized with the Yoast SEO plugin v24.5 - https:\/\/yoast.com\/wordpress\/plugins\/seo\/ -->\n<title>MONT BLANC LOISIRS BIENVENUE - MONTBLANC-LOISIRS.COM<\/title>\n<meta name=\"robots\" content=\"index, follow, max-snippet:-1, max-image-preview:large, max-video-preview:-1\" \/>\n<link rel=\"canonical\" href=\"https:\/\/montblanc-loisirs.com\/\" \/>\n<meta property=\"og:locale\" content=\"en_GB\" \/>\n<meta property=\"og:type\" content=\"article\" \/>\n<meta property=\"og:title\" content=\"MONT BLANC LOISIRS BIENVENUE - MONTBLANC-LOISIRS.COM\" \/>\n<meta property=\"og:url\" content=\"https:\/\/montblanc-loisirs.com\/\" \/>\n<meta property=\"og:site_name\" content=\"MONTBLANC-LOISIRS.COM\" \/>\n<meta property=\"article:publisher\" content=\"https:\/\/www.facebook.com\/montblancactivities\/\" \/>\n<meta property=\"article:modified_time\" content=\"2025-12-04T12:18:22+00:00\" \/>\n<meta property=\"og:image\" content=\"https:\/\/montblanc-loisirs.com\/wp-content\/uploads\/2018\/10\/lac-de-montagne-montblanc-loisirs.jpg\" \/>\n\t<meta property=\"og:image:width\" content=\"640\" \/>\n\t<meta property=\"og:image:height\" content=\"365\" \/>\n\t<meta property=\"og:image:type\" content=\"image\/jpeg\" \/>\n<meta name=\"twitter:card\" content=\"summary_large_image\" \/>\n<meta name=\"twitter:label1\" content=\"Estimated reading time\" \/>\n\t<meta name=\"twitter:data1\" content=\"8 minutes\" \/>\n<script type=\"application\/ld+json\" class=\"yoast-schema-graph\">{\"@context\":\"https:\/\/schema.org\",\"@graph\":[{\"@type\":\"WebPage\",\"@id\":\"https:\/\/montblanc-loisirs.com\/\",\"url\":\"https:\/\/montblanc-loisirs.com\/\",\"name\":\"MONT BLANC LOISIRS BIENVENUE - MONTBLANC-LOISIRS.COM\",\"isPartOf\":{\"@id\":\"https:\/\/montblanc-loisirs.com\/#website\"},\"primaryImageOfPage\":{\"@id\":\"https:\/\/montblanc-loisirs.com\/#primaryimage\"},\"image\":{\"@id\":\"https:\/\/montblanc-loisirs.com\/#primaryimage\"},\"thumbnailUrl\":\"https:\/\/montblanc-loisirs.com\/wp-content\/uploads\/2018\/10\/lac-de-montagne-montblanc-loisirs.jpg\",\"datePublished\":\"2017-10-24T09:22:04+00:00\",\"dateModified\":\"2025-12-04T12:18:22+00:00\",\"description\":\"Mont Blanc loisirs, bienvenue sur le site multiactivit\u00e9 montagne de la vall\u00e9e de Chamonix. Encadrement par un professionnel de OUTDOOR ACTIVITIES AT CHAMONIX AND SURROUND VTT, VVTAE randonn\u00e9e p\u00e9destre, Biathlon.\",\"breadcrumb\":{\"@id\":\"https:\/\/montblanc-loisirs.com\/#breadcrumb\"},\"inLanguage\":\"en-GB\",\"potentialAction\":[{\"@type\":\"ReadAction\",\"target\":[\"https:\/\/montblanc-loisirs.com\/\"]}]},{\"@type\":\"ImageObject\",\"inLanguage\":\"en-GB\",\"@id\":\"https:\/\/montblanc-loisirs.com\/#primaryimage\",\"url\":\"https:\/\/montblanc-loisirs.com\/wp-content\/uploads\/2018\/10\/lac-de-montagne-montblanc-loisirs.jpg\",\"contentUrl\":\"https:\/\/montblanc-loisirs.com\/wp-content\/uploads\/2018\/10\/lac-de-montagne-montblanc-loisirs.jpg\",\"width\":640,\"height\":365,\"caption\":\"lac de montagne montblanc loisirs\"},{\"@type\":\"BreadcrumbList\",\"@id\":\"https:\/\/montblanc-loisirs.com\/#breadcrumb\",\"itemListElement\":[{\"@type\":\"ListItem\",\"position\":1,\"name\":\"Accueil\",\"item\":\"https:\/\/montblanc-loisirs.com\/\"},{\"@type\":\"ListItem\",\"position\":2,\"name\":\"MONT BLANC LOISIRS BIENVENUE\"}]},{\"@type\":\"WebSite\",\"@id\":\"https:\/\/montblanc-loisirs.com\/#website\",\"url\":\"https:\/\/montblanc-loisirs.com\/\",\"name\":\"{:fr}MONTBLANC-LOISIRS.COM{:}{:gb}MONTBLANC-LOISIRS.COM{:}\",\"description\":\"OUTDOOR ACTIVITIES AT CHAMONIX AND SURROUND\",\"publisher\":{\"@id\":\"https:\/\/montblanc-loisirs.com\/#\/schema\/person\/ea649604d278c7cb5ff6f6630d66b71c\"},\"potentialAction\":[{\"@type\":\"SearchAction\",\"target\":{\"@type\":\"EntryPoint\",\"urlTemplate\":\"https:\/\/montblanc-loisirs.com\/?s={search_term_string}\"},\"query-input\":{\"@type\":\"PropertyValueSpecification\",\"valueRequired\":true,\"valueName\":\"search_term_string\"}}],\"inLanguage\":\"en-GB\"},{\"@type\":[\"Person\",\"Organization\"],\"@id\":\"https:\/\/montblanc-loisirs.com\/#\/schema\/person\/ea649604d278c7cb5ff6f6630d66b71c\",\"name\":\"admin7555\",\"image\":{\"@type\":\"ImageObject\",\"inLanguage\":\"en-GB\",\"@id\":\"https:\/\/montblanc-loisirs.com\/#\/schema\/person\/image\/\",\"url\":\"https:\/\/secure.gravatar.com\/avatar\/60b22345ab8d28b7016fcf0405769824?s=96&d=mm&r=g\",\"contentUrl\":\"https:\/\/secure.gravatar.com\/avatar\/60b22345ab8d28b7016fcf0405769824?s=96&d=mm&r=g\",\"caption\":\"admin7555\"},\"logo\":{\"@id\":\"https:\/\/montblanc-loisirs.com\/#\/schema\/person\/image\/\"},\"sameAs\":[\"http:\/\/www.montblanc-loisirs.com\",\"https:\/\/www.facebook.com\/montblancactivities\/\"]}]}<\/script>\n<!-- \/ Yoast SEO plugin. -->","yoast_head_json":{"title":"MONT BLANC LOISIRS BIENVENUE - MONTBLANC-LOISIRS.COM","robots":{"index":"index","follow":"follow","max-snippet":"max-snippet:-1","max-image-preview":"max-image-preview:large","max-video-preview":"max-video-preview:-1"},"canonical":"https:\/\/montblanc-loisirs.com\/","og_locale":"en_GB","og_type":"article","og_title":"MONT BLANC LOISIRS BIENVENUE - MONTBLANC-LOISIRS.COM","og_url":"https:\/\/montblanc-loisirs.com\/","og_site_name":"MONTBLANC-LOISIRS.COM","article_publisher":"https:\/\/www.facebook.com\/montblancactivities\/","article_modified_time":"2025-12-04T12:18:22+00:00","og_image":[{"width":640,"height":365,"url":"https:\/\/montblanc-loisirs.com\/wp-content\/uploads\/2018\/10\/lac-de-montagne-montblanc-loisirs.jpg","type":"image\/jpeg"}],"twitter_card":"summary_large_image","twitter_misc":{"Estimated reading time":"8 minutes"},"schema":{"@context":"https:\/\/schema.org","@graph":[{"@type":"WebPage","@id":"https:\/\/montblanc-loisirs.com\/","url":"https:\/\/montblanc-loisirs.com\/","name":"MONT BLANC LOISIRS BIENVENUE - MONTBLANC-LOISIRS.COM","isPartOf":{"@id":"https:\/\/montblanc-loisirs.com\/#website"},"primaryImageOfPage":{"@id":"https:\/\/montblanc-loisirs.com\/#primaryimage"},"image":{"@id":"https:\/\/montblanc-loisirs.com\/#primaryimage"},"thumbnailUrl":"https:\/\/montblanc-loisirs.com\/wp-content\/uploads\/2018\/10\/lac-de-montagne-montblanc-loisirs.jpg","datePublished":"2017-10-24T09:22:04+00:00","dateModified":"2025-12-04T12:18:22+00:00","description":"Mont Blanc loisirs, bienvenue sur le site multiactivit\u00e9 montagne de la vall\u00e9e de Chamonix. Encadrement par un professionnel de OUTDOOR ACTIVITIES AT CHAMONIX AND SURROUND VTT, VVTAE randonn\u00e9e p\u00e9destre, Biathlon.","breadcrumb":{"@id":"https:\/\/montblanc-loisirs.com\/#breadcrumb"},"inLanguage":"en-GB","potentialAction":[{"@type":"ReadAction","target":["https:\/\/montblanc-loisirs.com\/"]}]},{"@type":"ImageObject","inLanguage":"en-GB","@id":"https:\/\/montblanc-loisirs.com\/#primaryimage","url":"https:\/\/montblanc-loisirs.com\/wp-content\/uploads\/2018\/10\/lac-de-montagne-montblanc-loisirs.jpg","contentUrl":"https:\/\/montblanc-loisirs.com\/wp-content\/uploads\/2018\/10\/lac-de-montagne-montblanc-loisirs.jpg","width":640,"height":365,"caption":"lac de montagne montblanc loisirs"},{"@type":"BreadcrumbList","@id":"https:\/\/montblanc-loisirs.com\/#breadcrumb","itemListElement":[{"@type":"ListItem","position":1,"name":"Accueil","item":"https:\/\/montblanc-loisirs.com\/"},{"@type":"ListItem","position":2,"name":"MONT BLANC LOISIRS BIENVENUE"}]},{"@type":"WebSite","@id":"https:\/\/montblanc-loisirs.com\/#website","url":"https:\/\/montblanc-loisirs.com\/","name":"{:fr}MONTBLANC-LOISIRS.COM{:}{:gb}MONTBLANC-LOISIRS.COM{:}","description":"OUTDOOR ACTIVITIES AT CHAMONIX AND SURROUND","publisher":{"@id":"https:\/\/montblanc-loisirs.com\/#\/schema\/person\/ea649604d278c7cb5ff6f6630d66b71c"},"potentialAction":[{"@type":"SearchAction","target":{"@type":"EntryPoint","urlTemplate":"https:\/\/montblanc-loisirs.com\/?s={search_term_string}"},"query-input":{"@type":"PropertyValueSpecification","valueRequired":true,"valueName":"search_term_string"}}],"inLanguage":"en-GB"},{"@type":["Person","Organization"],"@id":"https:\/\/montblanc-loisirs.com\/#\/schema\/person\/ea649604d278c7cb5ff6f6630d66b71c","name":"admin7555","image":{"@type":"ImageObject","inLanguage":"en-GB","@id":"https:\/\/montblanc-loisirs.com\/#\/schema\/person\/image\/","url":"https:\/\/secure.gravatar.com\/avatar\/60b22345ab8d28b7016fcf0405769824?s=96&d=mm&r=g","contentUrl":"https:\/\/secure.gravatar.com\/avatar\/60b22345ab8d28b7016fcf0405769824?s=96&d=mm&r=g","caption":"admin7555"},"logo":{"@id":"https:\/\/montblanc-loisirs.com\/#\/schema\/person\/image\/"},"sameAs":["http:\/\/www.montblanc-loisirs.com","https:\/\/www.facebook.com\/montblancactivities\/"]}]}},"_links":{"self":[{"href":"https:\/\/montblanc-loisirs.com\/gb\/wp-json\/wp\/v2\/pages\/336"}],"collection":[{"href":"https:\/\/montblanc-loisirs.com\/gb\/wp-json\/wp\/v2\/pages"}],"about":[{"href":"https:\/\/montblanc-loisirs.com\/gb\/wp-json\/wp\/v2\/types\/page"}],"author":[{"embeddable":true,"href":"https:\/\/montblanc-loisirs.com\/gb\/wp-json\/wp\/v2\/users\/1"}],"replies":[{"embeddable":true,"href":"https:\/\/montblanc-loisirs.com\/gb\/wp-json\/wp\/v2\/comments?post=336"}],"version-history":[{"count":94,"href":"https:\/\/montblanc-loisirs.com\/gb\/wp-json\/wp\/v2\/pages\/336\/revisions"}],"predecessor-version":[{"id":1014,"href":"https:\/\/montblanc-loisirs.com\/gb\/wp-json\/wp\/v2\/pages\/336\/revisions\/1014"}],"wp:featuredmedia":[{"embeddable":true,"href":"https:\/\/montblanc-loisirs.com\/gb\/wp-json\/wp\/v2\/media\/449"}],"wp:attachment":[{"href":"https:\/\/montblanc-loisirs.com\/gb\/wp-json\/wp\/v2\/media?parent=336"}],"curies":[{"name":"wp","href":"https:\/\/api.w.org\/{rel}","templated":true}]}}