{"id":35,"date":"2017-07-15T16:38:57","date_gmt":"2017-07-15T14:38:57","guid":{"rendered":"http:\/\/montblanc-loisirs.com\/?page_id=35"},"modified":"2023-05-05T09:31:05","modified_gmt":"2023-05-05T07:31:05","slug":"tarifs-moniteur-chamonix","status":"publish","type":"page","link":"https:\/\/montblanc-loisirs.com\/gb\/tarifs-moniteur-chamonix\/","title":{"rendered":"FEE"},"content":{"rendered":"<h1 style=\"text-align: center;\">PRIVATE INSTRUCTOR \/ GUIDE FEE<\/h1>\n<h1 style=\"text-align: center;\">MONT BLANC LOISIRS<\/h1>\n<h2>PRIVATE INSTRUCTOR \/ GUIDE FEE: ALL LEVEL HIKING, MOUNTAIN BIKING, TRAIL RUNNING, BIATHLON,ROLLER SKI.<\/h2>\n<div id=\"attachment_753\" style=\"width: 327px\" class=\"wp-caption aligncenter\"><a href=\"http:\/\/montblanc-loisirs.com\/tarifs-moniteur-prive\/tarif-encadrement-mbl-2-copie\/\" rel=\"attachment wp-att-753\"><img loading=\"lazy\" decoding=\"async\" aria-describedby=\"caption-attachment-753\" class=\"wp-image-753 size-full\" title=\"Guide fee for multi-activity in Chamonix\" src=\"http:\/\/montblanc-loisirs.com\/wp-content\/uploads\/2020\/04\/tarif-encadrement-mbl-2-Copie.jpg\" alt=\"Guide fee for multi-activity in Chamonix\" width=\"317\" height=\"448\" srcset=\"https:\/\/montblanc-loisirs.com\/wp-content\/uploads\/2020\/04\/tarif-encadrement-mbl-2-Copie.jpg 317w, https:\/\/montblanc-loisirs.com\/wp-content\/uploads\/2020\/04\/tarif-encadrement-mbl-2-Copie-212x300.jpg 212w\" sizes=\"(max-width: 317px) 100vw, 317px\" \/><\/a><p id=\"caption-attachment-753\" class=\"wp-caption-text\">Guide fee for multi-activity in Chamonix<\/p><\/div>\n<h2><\/h2>\n<h2><\/h2>\n<h2 style=\"text-align: center;\">Mountain biking guide fee<\/h2>\n<p style=\"text-align: center;\">(with no rental bike, <a href=\"http:\/\/montblanc-loisirs.com\/tarifs\/tarifs-location-vtt-intersport-chamonix-2020-copie\/\" target=\"_blank\" rel=\"attachment noopener wp-att-727 noreferrer\">rental bike prices<\/a>)<\/p>\n<table class=\"aligncenter\" style=\"height: 156px;\" border=\"0\" width=\"391\" cellspacing=\"10\" cellpadding=\"10\">\n<tbody>\n<tr>\n<th style=\"text-align: center;\" align=\"center\" width=\"200\">MOUNTAIN BIKE<\/th>\n<th style=\"text-align: center;\" align=\"center\" width=\"200\"><span style=\"color: #000000;\">1\/2 DAY<\/span><\/th>\n<th style=\"text-align: center;\" align=\"center\" width=\"400\"><span style=\"color: #000000;\">DAY<\/span><\/th>\n<\/tr>\n<tr>\n<td style=\"text-align: center;\" align=\"center\" bgcolor=\"#3399CC\">E-BIKE<\/td>\n<td style=\"text-align: center;\" align=\"center\" bgcolor=\"#3399CC\">180\u20ac<\/td>\n<td style=\"text-align: center;\" align=\"center\" bgcolor=\"#3399CC\">290\u20ac<\/td>\n<\/tr>\n<tr>\n<td style=\"text-align: center;\" align=\"center\" bgcolor=\"#00CC33\">DOWNHILL<\/td>\n<td style=\"text-align: center;\" align=\"center\" bgcolor=\"#00CC33\">180\u20ac<\/td>\n<td style=\"text-align: center;\" align=\"center\" bgcolor=\"#00CC33\">290\u20ac<\/td>\n<\/tr>\n<\/tbody>\n<\/table>\n<h2><\/h2>\n<h2 style=\"text-align: center;\">HIKING \/ TRAIL RUNNING GUIDE FEE<\/h2>\n<table class=\"aligncenter\" style=\"height: 156px;\" border=\"0\" width=\"391\" cellspacing=\"10\" cellpadding=\"10\">\n<tbody>\n<tr>\n<th style=\"text-align: center;\" align=\"center\" width=\"200\">HIKING<\/th>\n<th style=\"text-align: center;\" align=\"center\" width=\"200\"><span style=\"color: #000000;\">1\/2 DAY<\/span><\/th>\n<th style=\"text-align: center;\" align=\"center\" width=\"400\"><span style=\"color: #000000;\">DAY<\/span><\/th>\n<\/tr>\n<tr>\n<td style=\"text-align: center;\" align=\"center\" bgcolor=\"#3399CC\">HIKING<\/td>\n<td style=\"text-align: center;\" align=\"center\" bgcolor=\"#3399CC\">180\u20ac<\/td>\n<td style=\"text-align: center;\" align=\"center\" bgcolor=\"#3399CC\">290\u20ac<\/td>\n<\/tr>\n<tr>\n<td style=\"text-align: center;\" align=\"center\" bgcolor=\"#00CC33\">TRAIL RUNNING<\/td>\n<td style=\"text-align: center;\" align=\"center\" bgcolor=\"#00CC33\">180\u20ac<\/td>\n<td style=\"text-align: center;\" align=\"center\" bgcolor=\"#00CC33\">290\u20ac<\/td>\n<\/tr>\n<\/tbody>\n<\/table>\n<h2><\/h2>\n<h2 style=\"text-align: center;\">SUMMER BIATHLON FEE<\/h2>\n<p style=\"text-align: center;\">(on request possibility with roller skis)<\/p>\n<table class=\"aligncenter\" style=\"height: 156px;\" border=\"0\" width=\"391\" cellspacing=\"10\" cellpadding=\"10\">\n<tbody>\n<tr>\n<th style=\"text-align: center;\" align=\"center\" width=\"200\">Biathlon<\/th>\n<th style=\"text-align: center;\" align=\"center\" width=\"200\"><span style=\"color: #000000;\">1\/2 DAY<\/span><\/th>\n<th style=\"text-align: center;\" align=\"center\" width=\"400\"><span style=\"color: #000000;\">DAY<\/span><\/th>\n<\/tr>\n<tr>\n<td style=\"text-align: center;\" align=\"center\" bgcolor=\"#3399CC\">INITIATION<\/td>\n<td style=\"text-align: center;\" align=\"center\" bgcolor=\"#3399CC\">220\u20ac<\/td>\n<td style=\"text-align: center;\" align=\"center\" bgcolor=\"#3399CC\">350\u20ac<\/td>\n<\/tr>\n<tr>\n<td style=\"text-align: center;\" align=\"center\" bgcolor=\"#00CC33\">ADVANCE<\/td>\n<td style=\"text-align: center;\" align=\"center\" bgcolor=\"#00CC33\">220\u20ac<\/td>\n<td style=\"text-align: center;\" align=\"center\" bgcolor=\"#00CC33\"><\/td>\n<\/tr>\n<\/tbody>\n<\/table>\n<h2><\/h2>\n<p>Contact booking: Email\u00a0<a href=\"mailto:info@montblanc-loisirs.com\"> info@montblanc-loisirs.com<\/a> \/<\/p>\n<p>Phone 00 (33) 661766368<\/p>\n","protected":false},"excerpt":{"rendered":"<p>PRIVATE INSTRUCTOR \/ GUIDE FEE MONT BLANC LOISIRS PRIVATE INSTRUCTOR \/ GUIDE FEE: ALL LEVEL HIKING, MOUNTAIN BIKING, TRAIL RUNNING, BIATHLON,ROLLER SKI. Mountain biking guide fee (with no rental bike, rental bike prices) MOUNTAIN BIKE 1\/2 DAY DAY E-BIKE 180\u20ac 290\u20ac DOWNHILL 180\u20ac 290\u20ac HIKING \/ TRAIL RUNNING GUIDE FEE HIKING 1\/2 DAY DAY HIKING&#8230; <\/p>\n<div class=\"read-more\"><a href=\"https:\/\/montblanc-loisirs.com\/gb\/tarifs-moniteur-chamonix\/\">Read More<\/a><\/div>\n","protected":false},"author":1,"featured_media":753,"parent":0,"menu_order":0,"comment_status":"closed","ping_status":"closed","template":"","meta":{"two_page_speed":[],"footnotes":""},"translation":{"provider":"WPGlobus","version":"3.0.2","language":"gb","enabled_languages":["fr","gb"],"languages":{"fr":{"title":true,"content":true,"excerpt":false},"gb":{"title":true,"content":true,"excerpt":false}}},"yoast_head":"<!-- This site is optimized with the Yoast SEO plugin v24.5 - https:\/\/yoast.com\/wordpress\/plugins\/seo\/ -->\n<title>FEE - MONTBLANC-LOISIRS.COM<\/title>\n<meta name=\"robots\" content=\"index, follow, max-snippet:-1, max-image-preview:large, max-video-preview:-1\" \/>\n<link rel=\"canonical\" href=\"https:\/\/montblanc-loisirs.com\/tarifs-moniteur-chamonix\/\" \/>\n<meta property=\"og:locale\" content=\"en_GB\" \/>\n<meta property=\"og:type\" content=\"article\" \/>\n<meta property=\"og:title\" content=\"FEE - MONTBLANC-LOISIRS.COM\" \/>\n<meta property=\"og:url\" content=\"https:\/\/montblanc-loisirs.com\/tarifs-moniteur-chamonix\/\" \/>\n<meta property=\"og:site_name\" content=\"MONTBLANC-LOISIRS.COM\" \/>\n<meta property=\"article:publisher\" content=\"https:\/\/www.facebook.com\/montblancactivities\/\" \/>\n<meta property=\"article:modified_time\" content=\"2023-05-05T07:31:05+00:00\" \/>\n<meta property=\"og:image\" content=\"https:\/\/montblanc-loisirs.com\/wp-content\/uploads\/2020\/04\/tarif-encadrement-mbl-2-Copie.jpg\" \/>\n\t<meta property=\"og:image:width\" content=\"317\" \/>\n\t<meta property=\"og:image:height\" content=\"448\" \/>\n\t<meta property=\"og:image:type\" content=\"image\/jpeg\" \/>\n<meta name=\"twitter:card\" content=\"summary_large_image\" \/>\n<meta name=\"twitter:label1\" content=\"Estimated reading time\" \/>\n\t<meta name=\"twitter:data1\" content=\"2 minutes\" \/>\n<script type=\"application\/ld+json\" class=\"yoast-schema-graph\">{\"@context\":\"https:\/\/schema.org\",\"@graph\":[{\"@type\":\"WebPage\",\"@id\":\"https:\/\/montblanc-loisirs.com\/tarifs-moniteur-chamonix\/\",\"url\":\"https:\/\/montblanc-loisirs.com\/tarifs-moniteur-chamonix\/\",\"name\":\"FEE - MONTBLANC-LOISIRS.COM\",\"isPartOf\":{\"@id\":\"https:\/\/montblanc-loisirs.com\/#website\"},\"primaryImageOfPage\":{\"@id\":\"https:\/\/montblanc-loisirs.com\/tarifs-moniteur-chamonix\/#primaryimage\"},\"image\":{\"@id\":\"https:\/\/montblanc-loisirs.com\/tarifs-moniteur-chamonix\/#primaryimage\"},\"thumbnailUrl\":\"https:\/\/montblanc-loisirs.com\/wp-content\/uploads\/2020\/04\/tarif-encadrement-mbl-2-Copie.jpg\",\"datePublished\":\"2017-07-15T14:38:57+00:00\",\"dateModified\":\"2023-05-05T07:31:05+00:00\",\"description\":\"Tarifs Moniteur Guide MontBlanc Loisirs pour encadrement sortie\/cours VTT \u00e9lectrique, descente. Randonn\u00e9e en montagne. Biathlon \u00e9t\u00e9 initiation\",\"breadcrumb\":{\"@id\":\"https:\/\/montblanc-loisirs.com\/tarifs-moniteur-chamonix\/#breadcrumb\"},\"inLanguage\":\"en-GB\",\"potentialAction\":[{\"@type\":\"ReadAction\",\"target\":[\"https:\/\/montblanc-loisirs.com\/tarifs-moniteur-chamonix\/\"]}]},{\"@type\":\"ImageObject\",\"inLanguage\":\"en-GB\",\"@id\":\"https:\/\/montblanc-loisirs.com\/tarifs-moniteur-chamonix\/#primaryimage\",\"url\":\"https:\/\/montblanc-loisirs.com\/wp-content\/uploads\/2020\/04\/tarif-encadrement-mbl-2-Copie.jpg\",\"contentUrl\":\"https:\/\/montblanc-loisirs.com\/wp-content\/uploads\/2020\/04\/tarif-encadrement-mbl-2-Copie.jpg\",\"width\":317,\"height\":448,\"caption\":\"Guide fee for multi-activity in Chamonix\"},{\"@type\":\"BreadcrumbList\",\"@id\":\"https:\/\/montblanc-loisirs.com\/tarifs-moniteur-chamonix\/#breadcrumb\",\"itemListElement\":[{\"@type\":\"ListItem\",\"position\":1,\"name\":\"Accueil\",\"item\":\"https:\/\/montblanc-loisirs.com\/\"},{\"@type\":\"ListItem\",\"position\":2,\"name\":\"FEE\"}]},{\"@type\":\"WebSite\",\"@id\":\"https:\/\/montblanc-loisirs.com\/#website\",\"url\":\"https:\/\/montblanc-loisirs.com\/\",\"name\":\"{:fr}MONTBLANC-LOISIRS.COM{:}{:gb}MONTBLANC-LOISIRS.COM{:}\",\"description\":\"OUTDOOR ACTIVITIES AT CHAMONIX AND SURROUND\",\"publisher\":{\"@id\":\"https:\/\/montblanc-loisirs.com\/#\/schema\/person\/ea649604d278c7cb5ff6f6630d66b71c\"},\"potentialAction\":[{\"@type\":\"SearchAction\",\"target\":{\"@type\":\"EntryPoint\",\"urlTemplate\":\"https:\/\/montblanc-loisirs.com\/?s={search_term_string}\"},\"query-input\":{\"@type\":\"PropertyValueSpecification\",\"valueRequired\":true,\"valueName\":\"search_term_string\"}}],\"inLanguage\":\"en-GB\"},{\"@type\":[\"Person\",\"Organization\"],\"@id\":\"https:\/\/montblanc-loisirs.com\/#\/schema\/person\/ea649604d278c7cb5ff6f6630d66b71c\",\"name\":\"admin7555\",\"image\":{\"@type\":\"ImageObject\",\"inLanguage\":\"en-GB\",\"@id\":\"https:\/\/montblanc-loisirs.com\/#\/schema\/person\/image\/\",\"url\":\"https:\/\/secure.gravatar.com\/avatar\/60b22345ab8d28b7016fcf0405769824?s=96&d=mm&r=g\",\"contentUrl\":\"https:\/\/secure.gravatar.com\/avatar\/60b22345ab8d28b7016fcf0405769824?s=96&d=mm&r=g\",\"caption\":\"admin7555\"},\"logo\":{\"@id\":\"https:\/\/montblanc-loisirs.com\/#\/schema\/person\/image\/\"},\"sameAs\":[\"http:\/\/www.montblanc-loisirs.com\",\"https:\/\/www.facebook.com\/montblancactivities\/\"]}]}<\/script>\n<!-- \/ Yoast SEO plugin. -->","yoast_head_json":{"title":"FEE - MONTBLANC-LOISIRS.COM","robots":{"index":"index","follow":"follow","max-snippet":"max-snippet:-1","max-image-preview":"max-image-preview:large","max-video-preview":"max-video-preview:-1"},"canonical":"https:\/\/montblanc-loisirs.com\/tarifs-moniteur-chamonix\/","og_locale":"en_GB","og_type":"article","og_title":"FEE - MONTBLANC-LOISIRS.COM","og_url":"https:\/\/montblanc-loisirs.com\/tarifs-moniteur-chamonix\/","og_site_name":"MONTBLANC-LOISIRS.COM","article_publisher":"https:\/\/www.facebook.com\/montblancactivities\/","article_modified_time":"2023-05-05T07:31:05+00:00","og_image":[{"width":317,"height":448,"url":"https:\/\/montblanc-loisirs.com\/wp-content\/uploads\/2020\/04\/tarif-encadrement-mbl-2-Copie.jpg","type":"image\/jpeg"}],"twitter_card":"summary_large_image","twitter_misc":{"Estimated reading time":"2 minutes"},"schema":{"@context":"https:\/\/schema.org","@graph":[{"@type":"WebPage","@id":"https:\/\/montblanc-loisirs.com\/tarifs-moniteur-chamonix\/","url":"https:\/\/montblanc-loisirs.com\/tarifs-moniteur-chamonix\/","name":"FEE - MONTBLANC-LOISIRS.COM","isPartOf":{"@id":"https:\/\/montblanc-loisirs.com\/#website"},"primaryImageOfPage":{"@id":"https:\/\/montblanc-loisirs.com\/tarifs-moniteur-chamonix\/#primaryimage"},"image":{"@id":"https:\/\/montblanc-loisirs.com\/tarifs-moniteur-chamonix\/#primaryimage"},"thumbnailUrl":"https:\/\/montblanc-loisirs.com\/wp-content\/uploads\/2020\/04\/tarif-encadrement-mbl-2-Copie.jpg","datePublished":"2017-07-15T14:38:57+00:00","dateModified":"2023-05-05T07:31:05+00:00","description":"Tarifs Moniteur Guide MontBlanc Loisirs pour encadrement sortie\/cours VTT \u00e9lectrique, descente. Randonn\u00e9e en montagne. Biathlon \u00e9t\u00e9 initiation","breadcrumb":{"@id":"https:\/\/montblanc-loisirs.com\/tarifs-moniteur-chamonix\/#breadcrumb"},"inLanguage":"en-GB","potentialAction":[{"@type":"ReadAction","target":["https:\/\/montblanc-loisirs.com\/tarifs-moniteur-chamonix\/"]}]},{"@type":"ImageObject","inLanguage":"en-GB","@id":"https:\/\/montblanc-loisirs.com\/tarifs-moniteur-chamonix\/#primaryimage","url":"https:\/\/montblanc-loisirs.com\/wp-content\/uploads\/2020\/04\/tarif-encadrement-mbl-2-Copie.jpg","contentUrl":"https:\/\/montblanc-loisirs.com\/wp-content\/uploads\/2020\/04\/tarif-encadrement-mbl-2-Copie.jpg","width":317,"height":448,"caption":"Guide fee for multi-activity in Chamonix"},{"@type":"BreadcrumbList","@id":"https:\/\/montblanc-loisirs.com\/tarifs-moniteur-chamonix\/#breadcrumb","itemListElement":[{"@type":"ListItem","position":1,"name":"Accueil","item":"https:\/\/montblanc-loisirs.com\/"},{"@type":"ListItem","position":2,"name":"FEE"}]},{"@type":"WebSite","@id":"https:\/\/montblanc-loisirs.com\/#website","url":"https:\/\/montblanc-loisirs.com\/","name":"{:fr}MONTBLANC-LOISIRS.COM{:}{:gb}MONTBLANC-LOISIRS.COM{:}","description":"OUTDOOR ACTIVITIES AT CHAMONIX AND SURROUND","publisher":{"@id":"https:\/\/montblanc-loisirs.com\/#\/schema\/person\/ea649604d278c7cb5ff6f6630d66b71c"},"potentialAction":[{"@type":"SearchAction","target":{"@type":"EntryPoint","urlTemplate":"https:\/\/montblanc-loisirs.com\/?s={search_term_string}"},"query-input":{"@type":"PropertyValueSpecification","valueRequired":true,"valueName":"search_term_string"}}],"inLanguage":"en-GB"},{"@type":["Person","Organization"],"@id":"https:\/\/montblanc-loisirs.com\/#\/schema\/person\/ea649604d278c7cb5ff6f6630d66b71c","name":"admin7555","image":{"@type":"ImageObject","inLanguage":"en-GB","@id":"https:\/\/montblanc-loisirs.com\/#\/schema\/person\/image\/","url":"https:\/\/secure.gravatar.com\/avatar\/60b22345ab8d28b7016fcf0405769824?s=96&d=mm&r=g","contentUrl":"https:\/\/secure.gravatar.com\/avatar\/60b22345ab8d28b7016fcf0405769824?s=96&d=mm&r=g","caption":"admin7555"},"logo":{"@id":"https:\/\/montblanc-loisirs.com\/#\/schema\/person\/image\/"},"sameAs":["http:\/\/www.montblanc-loisirs.com","https:\/\/www.facebook.com\/montblancactivities\/"]}]}},"_links":{"self":[{"href":"https:\/\/montblanc-loisirs.com\/gb\/wp-json\/wp\/v2\/pages\/35"}],"collection":[{"href":"https:\/\/montblanc-loisirs.com\/gb\/wp-json\/wp\/v2\/pages"}],"about":[{"href":"https:\/\/montblanc-loisirs.com\/gb\/wp-json\/wp\/v2\/types\/page"}],"author":[{"embeddable":true,"href":"https:\/\/montblanc-loisirs.com\/gb\/wp-json\/wp\/v2\/users\/1"}],"replies":[{"embeddable":true,"href":"https:\/\/montblanc-loisirs.com\/gb\/wp-json\/wp\/v2\/comments?post=35"}],"version-history":[{"count":49,"href":"https:\/\/montblanc-loisirs.com\/gb\/wp-json\/wp\/v2\/pages\/35\/revisions"}],"predecessor-version":[{"id":1049,"href":"https:\/\/montblanc-loisirs.com\/gb\/wp-json\/wp\/v2\/pages\/35\/revisions\/1049"}],"wp:featuredmedia":[{"embeddable":true,"href":"https:\/\/montblanc-loisirs.com\/gb\/wp-json\/wp\/v2\/media\/753"}],"wp:attachment":[{"href":"https:\/\/montblanc-loisirs.com\/gb\/wp-json\/wp\/v2\/media?parent=35"}],"curies":[{"name":"wp","href":"https:\/\/api.w.org\/{rel}","templated":true}]}}