{"id":38,"date":"2017-07-15T16:39:45","date_gmt":"2017-07-15T14:39:45","guid":{"rendered":"http:\/\/montblanc-loisirs.com\/?page_id=38"},"modified":"2022-05-26T18:01:21","modified_gmt":"2022-05-26T16:01:21","slug":"randonnee-montagne","status":"publish","type":"page","link":"https:\/\/montblanc-loisirs.com\/gb\/randonnee-montagne\/","title":{"rendered":"HIKING"},"content":{"rendered":"<h1 style=\"text-align: center;\">HIKING GUIDE<\/h1>\n<div id=\"attachment_422\" style=\"width: 490px\" class=\"wp-caption aligncenter\"><img loading=\"lazy\" decoding=\"async\" aria-describedby=\"caption-attachment-422\" class=\"wp-image-422 size-full\" title=\"UIMLA Mountain Leader association\" src=\"http:\/\/montblanc-loisirs.com\/wp-content\/uploads\/2017\/07\/UIMLA_logo_Original.png\" alt=\"UIMLA Mountain Leader association\" width=\"480\" height=\"480\" srcset=\"https:\/\/montblanc-loisirs.com\/wp-content\/uploads\/2017\/07\/UIMLA_logo_Original.png 480w, https:\/\/montblanc-loisirs.com\/wp-content\/uploads\/2017\/07\/UIMLA_logo_Original-150x150.png 150w, https:\/\/montblanc-loisirs.com\/wp-content\/uploads\/2017\/07\/UIMLA_logo_Original-300x300.png 300w, https:\/\/montblanc-loisirs.com\/wp-content\/uploads\/2017\/07\/UIMLA_logo_Original-260x260.png 260w\" sizes=\"(max-width: 480px) 100vw, 480px\" \/><p id=\"caption-attachment-422\" class=\"wp-caption-text\">UIMLA Mountain Leader association<\/p><\/div>\n<h1>LOCAL GUIDE BORN AND RAISED IN CHAMONIX, FULLY QUALIFIED AND EXPERIMENTED : MOUNTAIN BIKING \/ HIKING \/TRAIL RUNNING \/ BIATHLON \/ CROSS COUNTRY-SKIING \/ SNOWSHOEING.<\/h1>\n<p><a href=\"http:\/\/montblanc-loisirs.com\/mont-blanc-loisirs\/flyer-contact-mont-blanc-loisirs\/\" target=\"_blank\" rel=\"attachment noopener wp-att-758 noreferrer\">Flyer, contact Mont-Blanc Loisirs<\/a><\/p>\n<p>Chamonix Mont-Blanc valley have more than 200 kilometers of hiking trails. Some of them are located at the bottom of the valley around 1000 meters and other trails are an average of 2000 meters.<\/p>\n<div id=\"attachment_485\" style=\"width: 650px\" class=\"wp-caption aligncenter\"><a href=\"http:\/\/montblanc-loisirs.com\/wp-content\/uploads\/2018\/10\/randonneurs-panorama-montblanc.jpg\"><img loading=\"lazy\" decoding=\"async\" aria-describedby=\"caption-attachment-485\" class=\"wp-image-485 size-full\" title=\"Stunning panoramic view of Mont-Blanc range\" src=\"http:\/\/montblanc-loisirs.com\/wp-content\/uploads\/2018\/10\/randonneurs-panorama-montblanc.jpg\" alt=\"Stunning panoramic view of Mont-Blanc range\" width=\"640\" height=\"480\" srcset=\"https:\/\/montblanc-loisirs.com\/wp-content\/uploads\/2018\/10\/randonneurs-panorama-montblanc.jpg 640w, https:\/\/montblanc-loisirs.com\/wp-content\/uploads\/2018\/10\/randonneurs-panorama-montblanc-300x225.jpg 300w\" sizes=\"(max-width: 640px) 100vw, 640px\" \/><\/a><p id=\"caption-attachment-485\" class=\"wp-caption-text\">Stunning panoramic view of Mont-Blanc range<\/p><\/div>\n<p><strong>I am leading some hiking day(s) for all level of abilities and for all public<\/strong> (adults, teenagers, kids) in Chamonix and surround. Also in Switzerland and Italy.<\/p>\n<h3>Private local hiking guide in Chamonix Mont-Blanc<\/h3>\n<div class=\"epyt-video-wrapper\"><iframe loading=\"lazy\"  id=\"_ytid_86140\"  width=\"590\" height=\"443\"  data-origwidth=\"590\" data-origheight=\"443\" src=\"https:\/\/www.youtube.com\/embed\/p33FK2i_w0g?enablejsapi=1&#038;autoplay=0&#038;cc_load_policy=0&#038;cc_lang_pref=&#038;iv_load_policy=1&#038;loop=0&#038;rel=1&#038;fs=1&#038;playsinline=0&#038;autohide=2&#038;theme=dark&#038;color=red&#038;controls=1&#038;disablekb=0&#038;\" class=\"__youtube_prefs__  epyt-is-override  no-lazyload\" title=\"YouTube player\"  allow=\"fullscreen; accelerometer; autoplay; clipboard-write; encrypted-media; gyroscope; picture-in-picture; web-share\" referrerpolicy=\"strict-origin-when-cross-origin\" allowfullscreen data-no-lazy=\"1\" data-skipgform_ajax_framebjll=\"\"><\/iframe><\/div>\n<h3><a href=\"http:\/\/montblanc-loisirs.com\/tarifs-moniteur-prive\/\" target=\"_blank\" rel=\"noopener noreferrer\">PRICE HERE<\/a><\/h3>\n<h3>Below some exemple of Chamonix trails hiking circuits.<\/h3>\n<p>Chapeau buvette.<\/p>\n<p>This hike start from the bottom of the valley to arrived to a mountain hut call buvette du chapeau. We are climbing trough a nice spruce woods, at the buvette we will having a nice coffee break with\u00a0 a stunning Chamonix view.<\/p>\n<p>Pyramide buvette<\/p>\n<p>We will start our hiking day by a very characterful chairlift from the Bossons village then coming a climb along the lowest glacier of the Chamonix valley call &#8220;GLACIER DES BOSSONS&#8221;. When we are arrived at the buvette des pyramide we will having a long break to enjoy the glacier seracs view.<\/p>\n<div id=\"attachment_301\" style=\"width: 650px\" class=\"wp-caption aligncenter\"><img loading=\"lazy\" decoding=\"async\" aria-describedby=\"caption-attachment-301\" class=\"size-full wp-image-301\" src=\"http:\/\/montblanc-loisirs.com\/wp-content\/uploads\/2017\/07\/richard-etellin-sentier.jpg\" alt=\"Richard Etellin UIMLA Mountain leader\" width=\"640\" height=\"360\" srcset=\"https:\/\/montblanc-loisirs.com\/wp-content\/uploads\/2017\/07\/richard-etellin-sentier.jpg 640w, https:\/\/montblanc-loisirs.com\/wp-content\/uploads\/2017\/07\/richard-etellin-sentier-300x169.jpg 300w\" sizes=\"(max-width: 640px) 100vw, 640px\" \/><p id=\"caption-attachment-301\" class=\"wp-caption-text\">Richard Etellin UIMLA Mountain leader<\/p><\/div>\n<p>Balme peak<\/p>\n<p>From the village of le Tour we are taking the gondola to Charamillon station, then we will do a circuit loop towards the t\u00eate de Balme. We might have the privilege to seing some wild life like Marmot or Gypa\u00e8te barbu.<\/p>\n<p>The white lake<\/p>\n<p>This hike is a classic destination for hikers but the local area is stunning we will clim over 2300 meters.We will take our lunch near by the lake and then will enjoy the Mont-Blanc range view.<\/p>\n<div id=\"attachment_273\" style=\"width: 453px\" class=\"wp-caption aligncenter\"><img loading=\"lazy\" decoding=\"async\" aria-describedby=\"caption-attachment-273\" class=\"size-full wp-image-273\" src=\"http:\/\/montblanc-loisirs.com\/wp-content\/uploads\/2017\/07\/lac-blanc.jpg\" alt=\"The white lake\" width=\"443\" height=\"245\" srcset=\"https:\/\/montblanc-loisirs.com\/wp-content\/uploads\/2017\/07\/lac-blanc.jpg 443w, https:\/\/montblanc-loisirs.com\/wp-content\/uploads\/2017\/07\/lac-blanc-300x166.jpg 300w\" sizes=\"(max-width: 443px) 100vw, 443px\" \/><p id=\"caption-attachment-273\" class=\"wp-caption-text\">The white lake<\/p><\/div>\n<p>Summer time in Chamonix you will never get tired about the mountains view. I will lead you around some of the most magnificent trails that we can get here. Come and join us!<\/p>\n<div id=\"attachment_253\" style=\"width: 650px\" class=\"wp-caption aligncenter\"><img loading=\"lazy\" decoding=\"async\" aria-describedby=\"caption-attachment-253\" class=\"size-full wp-image-253\" src=\"http:\/\/montblanc-loisirs.com\/wp-content\/uploads\/2017\/07\/cairn-zermatt.jpg\" alt=\"\" width=\"640\" height=\"360\" srcset=\"https:\/\/montblanc-loisirs.com\/wp-content\/uploads\/2017\/07\/cairn-zermatt.jpg 640w, https:\/\/montblanc-loisirs.com\/wp-content\/uploads\/2017\/07\/cairn-zermatt-300x169.jpg 300w\" sizes=\"(max-width: 640px) 100vw, 640px\" \/><p id=\"caption-attachment-253\" class=\"wp-caption-text\">Cairn<\/p><\/div>\n<p>Contact: Email\u00a0<a href=\"mailto:info@montblanc-loisirs.com\"> info@montblanc-loisirs.com<\/a> \/ Phone 00 (33) 661766368<\/p>\n","protected":false},"excerpt":{"rendered":"<p>HIKING GUIDE LOCAL GUIDE BORN AND RAISED IN CHAMONIX, FULLY QUALIFIED AND EXPERIMENTED : MOUNTAIN BIKING \/ HIKING \/TRAIL RUNNING \/ BIATHLON \/ CROSS COUNTRY-SKIING \/ SNOWSHOEING. Flyer, contact Mont-Blanc Loisirs Chamonix Mont-Blanc valley have more than 200 kilometers of hiking trails. Some of them are located at the bottom of the valley around 1000&#8230; <\/p>\n<div class=\"read-more\"><a href=\"https:\/\/montblanc-loisirs.com\/gb\/randonnee-montagne\/\">Read More<\/a><\/div>\n","protected":false},"author":1,"featured_media":301,"parent":0,"menu_order":0,"comment_status":"closed","ping_status":"closed","template":"","meta":{"two_page_speed":[],"footnotes":""},"translation":{"provider":"WPGlobus","version":"3.0.2","language":"gb","enabled_languages":["fr","gb"],"languages":{"fr":{"title":true,"content":true,"excerpt":false},"gb":{"title":true,"content":true,"excerpt":false}}},"yoast_head":"<!-- This site is optimized with the Yoast SEO plugin v24.5 - https:\/\/yoast.com\/wordpress\/plugins\/seo\/ -->\n<title>HIKING - MONTBLANC-LOISIRS.COM<\/title>\n<meta name=\"description\" content=\"Chamonix is one of the most famous place to hike in the Alps. Whatever your stamina and skills there is always a suitable trail for you. Join us for a unforgattable time!\" \/>\n<meta name=\"robots\" content=\"index, follow, max-snippet:-1, max-image-preview:large, max-video-preview:-1\" \/>\n<link rel=\"canonical\" href=\"https:\/\/montblanc-loisirs.com\/randonnee-montagne\/\" \/>\n<meta property=\"og:locale\" content=\"en_GB\" \/>\n<meta property=\"og:type\" content=\"article\" \/>\n<meta property=\"og:title\" content=\"HIKING - MONTBLANC-LOISIRS.COM\" \/>\n<meta property=\"og:description\" content=\"Chamonix is one of the most famous place to hike in the Alps. Whatever your stamina and skills there is always a suitable trail for you. Join us for a unforgattable time!\" \/>\n<meta property=\"og:url\" content=\"https:\/\/montblanc-loisirs.com\/randonnee-montagne\/\" \/>\n<meta property=\"og:site_name\" content=\"MONTBLANC-LOISIRS.COM\" \/>\n<meta property=\"article:publisher\" content=\"https:\/\/www.facebook.com\/montblancactivities\/\" \/>\n<meta property=\"article:modified_time\" content=\"2022-05-26T16:01:21+00:00\" \/>\n<meta property=\"og:image\" content=\"https:\/\/montblanc-loisirs.com\/wp-content\/uploads\/2017\/07\/richard-etellin-sentier.jpg\" \/>\n\t<meta property=\"og:image:width\" content=\"640\" \/>\n\t<meta property=\"og:image:height\" content=\"360\" \/>\n\t<meta property=\"og:image:type\" content=\"image\/jpeg\" \/>\n<meta name=\"twitter:card\" content=\"summary_large_image\" \/>\n<meta name=\"twitter:label1\" content=\"Estimated reading time\" \/>\n\t<meta name=\"twitter:data1\" content=\"6 minutes\" \/>\n<script type=\"application\/ld+json\" class=\"yoast-schema-graph\">{\"@context\":\"https:\/\/schema.org\",\"@graph\":[{\"@type\":\"WebPage\",\"@id\":\"https:\/\/montblanc-loisirs.com\/randonnee-montagne\/\",\"url\":\"https:\/\/montblanc-loisirs.com\/randonnee-montagne\/\",\"name\":\"HIKING - MONTBLANC-LOISIRS.COM\",\"isPartOf\":{\"@id\":\"https:\/\/montblanc-loisirs.com\/#website\"},\"primaryImageOfPage\":{\"@id\":\"https:\/\/montblanc-loisirs.com\/randonnee-montagne\/#primaryimage\"},\"image\":{\"@id\":\"https:\/\/montblanc-loisirs.com\/randonnee-montagne\/#primaryimage\"},\"thumbnailUrl\":\"https:\/\/montblanc-loisirs.com\/wp-content\/uploads\/2017\/07\/richard-etellin-sentier.jpg\",\"datePublished\":\"2017-07-15T14:39:45+00:00\",\"dateModified\":\"2022-05-26T16:01:21+00:00\",\"description\":\"Pour vos randonn\u00e9e montagne faite appel a un accompagnateur en montagne. Richard Etellin guide de randonn\u00e9e et VTT vall\u00e9e de Chamonix vous proposera le meilleur.\",\"breadcrumb\":{\"@id\":\"https:\/\/montblanc-loisirs.com\/randonnee-montagne\/#breadcrumb\"},\"inLanguage\":\"en-GB\",\"potentialAction\":[{\"@type\":\"ReadAction\",\"target\":[\"https:\/\/montblanc-loisirs.com\/randonnee-montagne\/\"]}]},{\"@type\":\"ImageObject\",\"inLanguage\":\"en-GB\",\"@id\":\"https:\/\/montblanc-loisirs.com\/randonnee-montagne\/#primaryimage\",\"url\":\"https:\/\/montblanc-loisirs.com\/wp-content\/uploads\/2017\/07\/richard-etellin-sentier.jpg\",\"contentUrl\":\"https:\/\/montblanc-loisirs.com\/wp-content\/uploads\/2017\/07\/richard-etellin-sentier.jpg\",\"width\":640,\"height\":360,\"caption\":\"Richard Etellin UIMLA Mountain leader\"},{\"@type\":\"BreadcrumbList\",\"@id\":\"https:\/\/montblanc-loisirs.com\/randonnee-montagne\/#breadcrumb\",\"itemListElement\":[{\"@type\":\"ListItem\",\"position\":1,\"name\":\"Accueil\",\"item\":\"https:\/\/montblanc-loisirs.com\/\"},{\"@type\":\"ListItem\",\"position\":2,\"name\":\"RANDONNEE MONTAGNE\"}]},{\"@type\":\"WebSite\",\"@id\":\"https:\/\/montblanc-loisirs.com\/#website\",\"url\":\"https:\/\/montblanc-loisirs.com\/\",\"name\":\"{:fr}MONTBLANC-LOISIRS.COM{:}{:gb}MONTBLANC-LOISIRS.COM{:}\",\"description\":\"OUTDOOR ACTIVITIES AT CHAMONIX AND SURROUND\",\"publisher\":{\"@id\":\"https:\/\/montblanc-loisirs.com\/#\/schema\/person\/ea649604d278c7cb5ff6f6630d66b71c\"},\"potentialAction\":[{\"@type\":\"SearchAction\",\"target\":{\"@type\":\"EntryPoint\",\"urlTemplate\":\"https:\/\/montblanc-loisirs.com\/?s={search_term_string}\"},\"query-input\":{\"@type\":\"PropertyValueSpecification\",\"valueRequired\":true,\"valueName\":\"search_term_string\"}}],\"inLanguage\":\"en-GB\"},{\"@type\":[\"Person\",\"Organization\"],\"@id\":\"https:\/\/montblanc-loisirs.com\/#\/schema\/person\/ea649604d278c7cb5ff6f6630d66b71c\",\"name\":\"admin7555\",\"image\":{\"@type\":\"ImageObject\",\"inLanguage\":\"en-GB\",\"@id\":\"https:\/\/montblanc-loisirs.com\/#\/schema\/person\/image\/\",\"url\":\"https:\/\/secure.gravatar.com\/avatar\/60b22345ab8d28b7016fcf0405769824?s=96&d=mm&r=g\",\"contentUrl\":\"https:\/\/secure.gravatar.com\/avatar\/60b22345ab8d28b7016fcf0405769824?s=96&d=mm&r=g\",\"caption\":\"admin7555\"},\"logo\":{\"@id\":\"https:\/\/montblanc-loisirs.com\/#\/schema\/person\/image\/\"},\"sameAs\":[\"http:\/\/www.montblanc-loisirs.com\",\"https:\/\/www.facebook.com\/montblancactivities\/\"]}]}<\/script>\n<!-- \/ Yoast SEO plugin. -->","yoast_head_json":{"title":"HIKING - MONTBLANC-LOISIRS.COM","description":"Chamonix is one of the most famous place to hike in the Alps. Whatever your stamina and skills there is always a suitable trail for you. Join us for a unforgattable time!","robots":{"index":"index","follow":"follow","max-snippet":"max-snippet:-1","max-image-preview":"max-image-preview:large","max-video-preview":"max-video-preview:-1"},"canonical":"https:\/\/montblanc-loisirs.com\/randonnee-montagne\/","og_locale":"en_GB","og_type":"article","og_title":"HIKING - MONTBLANC-LOISIRS.COM","og_description":"Chamonix is one of the most famous place to hike in the Alps. Whatever your stamina and skills there is always a suitable trail for you. Join us for a unforgattable time!","og_url":"https:\/\/montblanc-loisirs.com\/randonnee-montagne\/","og_site_name":"MONTBLANC-LOISIRS.COM","article_publisher":"https:\/\/www.facebook.com\/montblancactivities\/","article_modified_time":"2022-05-26T16:01:21+00:00","og_image":[{"width":640,"height":360,"url":"https:\/\/montblanc-loisirs.com\/wp-content\/uploads\/2017\/07\/richard-etellin-sentier.jpg","type":"image\/jpeg"}],"twitter_card":"summary_large_image","twitter_misc":{"Estimated reading time":"6 minutes"},"schema":{"@context":"https:\/\/schema.org","@graph":[{"@type":"WebPage","@id":"https:\/\/montblanc-loisirs.com\/randonnee-montagne\/","url":"https:\/\/montblanc-loisirs.com\/randonnee-montagne\/","name":"HIKING - MONTBLANC-LOISIRS.COM","isPartOf":{"@id":"https:\/\/montblanc-loisirs.com\/#website"},"primaryImageOfPage":{"@id":"https:\/\/montblanc-loisirs.com\/randonnee-montagne\/#primaryimage"},"image":{"@id":"https:\/\/montblanc-loisirs.com\/randonnee-montagne\/#primaryimage"},"thumbnailUrl":"https:\/\/montblanc-loisirs.com\/wp-content\/uploads\/2017\/07\/richard-etellin-sentier.jpg","datePublished":"2017-07-15T14:39:45+00:00","dateModified":"2022-05-26T16:01:21+00:00","description":"Pour vos randonn\u00e9e montagne faite appel a un accompagnateur en montagne. Richard Etellin guide de randonn\u00e9e et VTT vall\u00e9e de Chamonix vous proposera le meilleur.","breadcrumb":{"@id":"https:\/\/montblanc-loisirs.com\/randonnee-montagne\/#breadcrumb"},"inLanguage":"en-GB","potentialAction":[{"@type":"ReadAction","target":["https:\/\/montblanc-loisirs.com\/randonnee-montagne\/"]}]},{"@type":"ImageObject","inLanguage":"en-GB","@id":"https:\/\/montblanc-loisirs.com\/randonnee-montagne\/#primaryimage","url":"https:\/\/montblanc-loisirs.com\/wp-content\/uploads\/2017\/07\/richard-etellin-sentier.jpg","contentUrl":"https:\/\/montblanc-loisirs.com\/wp-content\/uploads\/2017\/07\/richard-etellin-sentier.jpg","width":640,"height":360,"caption":"Richard Etellin UIMLA Mountain leader"},{"@type":"BreadcrumbList","@id":"https:\/\/montblanc-loisirs.com\/randonnee-montagne\/#breadcrumb","itemListElement":[{"@type":"ListItem","position":1,"name":"Accueil","item":"https:\/\/montblanc-loisirs.com\/"},{"@type":"ListItem","position":2,"name":"RANDONNEE MONTAGNE"}]},{"@type":"WebSite","@id":"https:\/\/montblanc-loisirs.com\/#website","url":"https:\/\/montblanc-loisirs.com\/","name":"{:fr}MONTBLANC-LOISIRS.COM{:}{:gb}MONTBLANC-LOISIRS.COM{:}","description":"OUTDOOR ACTIVITIES AT CHAMONIX AND SURROUND","publisher":{"@id":"https:\/\/montblanc-loisirs.com\/#\/schema\/person\/ea649604d278c7cb5ff6f6630d66b71c"},"potentialAction":[{"@type":"SearchAction","target":{"@type":"EntryPoint","urlTemplate":"https:\/\/montblanc-loisirs.com\/?s={search_term_string}"},"query-input":{"@type":"PropertyValueSpecification","valueRequired":true,"valueName":"search_term_string"}}],"inLanguage":"en-GB"},{"@type":["Person","Organization"],"@id":"https:\/\/montblanc-loisirs.com\/#\/schema\/person\/ea649604d278c7cb5ff6f6630d66b71c","name":"admin7555","image":{"@type":"ImageObject","inLanguage":"en-GB","@id":"https:\/\/montblanc-loisirs.com\/#\/schema\/person\/image\/","url":"https:\/\/secure.gravatar.com\/avatar\/60b22345ab8d28b7016fcf0405769824?s=96&d=mm&r=g","contentUrl":"https:\/\/secure.gravatar.com\/avatar\/60b22345ab8d28b7016fcf0405769824?s=96&d=mm&r=g","caption":"admin7555"},"logo":{"@id":"https:\/\/montblanc-loisirs.com\/#\/schema\/person\/image\/"},"sameAs":["http:\/\/www.montblanc-loisirs.com","https:\/\/www.facebook.com\/montblancactivities\/"]}]}},"_links":{"self":[{"href":"https:\/\/montblanc-loisirs.com\/gb\/wp-json\/wp\/v2\/pages\/38"}],"collection":[{"href":"https:\/\/montblanc-loisirs.com\/gb\/wp-json\/wp\/v2\/pages"}],"about":[{"href":"https:\/\/montblanc-loisirs.com\/gb\/wp-json\/wp\/v2\/types\/page"}],"author":[{"embeddable":true,"href":"https:\/\/montblanc-loisirs.com\/gb\/wp-json\/wp\/v2\/users\/1"}],"replies":[{"embeddable":true,"href":"https:\/\/montblanc-loisirs.com\/gb\/wp-json\/wp\/v2\/comments?post=38"}],"version-history":[{"count":48,"href":"https:\/\/montblanc-loisirs.com\/gb\/wp-json\/wp\/v2\/pages\/38\/revisions"}],"predecessor-version":[{"id":1019,"href":"https:\/\/montblanc-loisirs.com\/gb\/wp-json\/wp\/v2\/pages\/38\/revisions\/1019"}],"wp:featuredmedia":[{"embeddable":true,"href":"https:\/\/montblanc-loisirs.com\/gb\/wp-json\/wp\/v2\/media\/301"}],"wp:attachment":[{"href":"https:\/\/montblanc-loisirs.com\/gb\/wp-json\/wp\/v2\/media?parent=38"}],"curies":[{"name":"wp","href":"https:\/\/api.w.org\/{rel}","templated":true}]}}