{"id":48,"date":"2017-07-15T17:53:14","date_gmt":"2017-07-15T15:53:14","guid":{"rendered":"http:\/\/montblanc-loisirs.com\/?page_id=48"},"modified":"2025-12-04T13:23:10","modified_gmt":"2025-12-04T12:23:10","slug":"ski-de-fond","status":"publish","type":"page","link":"https:\/\/montblanc-loisirs.com\/gb\/ski-de-fond\/","title":{"rendered":"XC SKIING"},"content":{"rendered":"<h1 style=\"text-align: center;\">XC SKIING<\/h1>\n<h2>More informations soon<\/h2>\n<p>Contact: Email\u00a0<a href=\"mailto:info@montblanc-loisirs.com\"> info@montblanc-loisirs.com<\/a> \/ Phone 00 (33) 661766368<\/p>\n","protected":false},"excerpt":{"rendered":"<p>XC SKIING More informations soon Contact: Email\u00a0 info@montblanc-loisirs.com \/ Phone 00 (33) 661766368<\/p>\n","protected":false},"author":1,"featured_media":953,"parent":0,"menu_order":0,"comment_status":"closed","ping_status":"closed","template":"","meta":{"two_page_speed":{"previous_score":{"desktop_score":89,"desktop_tti":"0.9\u00a0","mobile_score":69,"mobile_tti":"5.5\u00a0","date":"04.12.2025 12:45:09 pm","status":"completed"},"current_score":{"desktop_score":84,"desktop_tti":"0.7\u00a0","mobile_score":89,"mobile_tti":"3.5\u00a0","date":"04.12.2025 01:23:30 pm","status":"completed"}},"footnotes":""},"translation":{"provider":"WPGlobus","version":"3.0.2","language":"gb","enabled_languages":["fr","gb"],"languages":{"fr":{"title":true,"content":true,"excerpt":false},"gb":{"title":true,"content":true,"excerpt":false}}},"yoast_head":"<!-- This site is optimized with the Yoast SEO plugin v24.5 - https:\/\/yoast.com\/wordpress\/plugins\/seo\/ -->\n<title>XC SKIING - MONTBLANC-LOISIRS.COM CHAMONIX<\/title>\n<meta name=\"robots\" content=\"index, follow, max-snippet:-1, max-image-preview:large, max-video-preview:-1\" \/>\n<link rel=\"canonical\" href=\"https:\/\/montblanc-loisirs.com\/ski-de-fond\/\" \/>\n<meta property=\"og:locale\" content=\"en_GB\" \/>\n<meta property=\"og:type\" content=\"article\" \/>\n<meta property=\"og:title\" content=\"XC SKIING - MONTBLANC-LOISIRS.COM\" \/>\n<meta property=\"og:url\" content=\"https:\/\/montblanc-loisirs.com\/ski-de-fond\/\" \/>\n<meta property=\"og:site_name\" content=\"MONTBLANC-LOISIRS.COM\" \/>\n<meta property=\"article:publisher\" content=\"https:\/\/www.facebook.com\/montblancactivities\/\" \/>\n<meta property=\"article:modified_time\" content=\"2025-12-04T12:23:10+00:00\" \/>\n<meta property=\"og:image\" content=\"https:\/\/montblanc-loisirs.com\/wp-content\/uploads\/2020\/12\/Chamonix-Cross-Country-Skiing-Argentiere-300x200-1.jpg\" \/>\n\t<meta property=\"og:image:width\" content=\"300\" \/>\n\t<meta property=\"og:image:height\" content=\"200\" \/>\n\t<meta property=\"og:image:type\" content=\"image\/jpeg\" \/>\n<meta name=\"twitter:card\" content=\"summary_large_image\" \/>\n<meta name=\"twitter:label1\" content=\"Estimated reading time\" \/>\n\t<meta name=\"twitter:data1\" content=\"2 minutes\" \/>\n<script type=\"application\/ld+json\" class=\"yoast-schema-graph\">{\"@context\":\"https:\/\/schema.org\",\"@graph\":[{\"@type\":\"WebPage\",\"@id\":\"https:\/\/montblanc-loisirs.com\/ski-de-fond\/\",\"url\":\"https:\/\/montblanc-loisirs.com\/ski-de-fond\/\",\"name\":\"XC SKIING - MONTBLANC-LOISIRS.COM CHAMONIX\",\"isPartOf\":{\"@id\":\"https:\/\/montblanc-loisirs.com\/#website\"},\"primaryImageOfPage\":{\"@id\":\"https:\/\/montblanc-loisirs.com\/ski-de-fond\/#primaryimage\"},\"image\":{\"@id\":\"https:\/\/montblanc-loisirs.com\/ski-de-fond\/#primaryimage\"},\"thumbnailUrl\":\"https:\/\/montblanc-loisirs.com\/wp-content\/uploads\/2020\/12\/Chamonix-Cross-Country-Skiing-Argentiere-300x200-1.jpg\",\"datePublished\":\"2017-07-15T15:53:14+00:00\",\"dateModified\":\"2025-12-04T12:23:10+00:00\",\"description\":\"Pour vos cours \/ le\u00e7ons de ski de fond dans la vall\u00e9e de Chamonix faite appel \u00e0 mes services. Toutes l'expertise d'un moniteur de ski de fond pour vous.\",\"breadcrumb\":{\"@id\":\"https:\/\/montblanc-loisirs.com\/ski-de-fond\/#breadcrumb\"},\"inLanguage\":\"en-GB\",\"potentialAction\":[{\"@type\":\"ReadAction\",\"target\":[\"https:\/\/montblanc-loisirs.com\/ski-de-fond\/\"]}]},{\"@type\":\"ImageObject\",\"inLanguage\":\"en-GB\",\"@id\":\"https:\/\/montblanc-loisirs.com\/ski-de-fond\/#primaryimage\",\"url\":\"https:\/\/montblanc-loisirs.com\/wp-content\/uploads\/2020\/12\/Chamonix-Cross-Country-Skiing-Argentiere-300x200-1.jpg\",\"contentUrl\":\"https:\/\/montblanc-loisirs.com\/wp-content\/uploads\/2020\/12\/Chamonix-Cross-Country-Skiing-Argentiere-300x200-1.jpg\",\"width\":300,\"height\":200,\"caption\":\"Dans la trace du moniteur\"},{\"@type\":\"BreadcrumbList\",\"@id\":\"https:\/\/montblanc-loisirs.com\/ski-de-fond\/#breadcrumb\",\"itemListElement\":[{\"@type\":\"ListItem\",\"position\":1,\"name\":\"Accueil\",\"item\":\"https:\/\/montblanc-loisirs.com\/\"},{\"@type\":\"ListItem\",\"position\":2,\"name\":\"SKI DE FOND\"}]},{\"@type\":\"WebSite\",\"@id\":\"https:\/\/montblanc-loisirs.com\/#website\",\"url\":\"https:\/\/montblanc-loisirs.com\/\",\"name\":\"{:fr}MONTBLANC-LOISIRS.COM{:}{:gb}MONTBLANC-LOISIRS.COM{:}\",\"description\":\"OUTDOOR ACTIVITIES AT CHAMONIX AND SURROUND\",\"publisher\":{\"@id\":\"https:\/\/montblanc-loisirs.com\/#\/schema\/person\/ea649604d278c7cb5ff6f6630d66b71c\"},\"potentialAction\":[{\"@type\":\"SearchAction\",\"target\":{\"@type\":\"EntryPoint\",\"urlTemplate\":\"https:\/\/montblanc-loisirs.com\/?s={search_term_string}\"},\"query-input\":{\"@type\":\"PropertyValueSpecification\",\"valueRequired\":true,\"valueName\":\"search_term_string\"}}],\"inLanguage\":\"en-GB\"},{\"@type\":[\"Person\",\"Organization\"],\"@id\":\"https:\/\/montblanc-loisirs.com\/#\/schema\/person\/ea649604d278c7cb5ff6f6630d66b71c\",\"name\":\"admin7555\",\"image\":{\"@type\":\"ImageObject\",\"inLanguage\":\"en-GB\",\"@id\":\"https:\/\/montblanc-loisirs.com\/#\/schema\/person\/image\/\",\"url\":\"https:\/\/secure.gravatar.com\/avatar\/60b22345ab8d28b7016fcf0405769824?s=96&d=mm&r=g\",\"contentUrl\":\"https:\/\/secure.gravatar.com\/avatar\/60b22345ab8d28b7016fcf0405769824?s=96&d=mm&r=g\",\"caption\":\"admin7555\"},\"logo\":{\"@id\":\"https:\/\/montblanc-loisirs.com\/#\/schema\/person\/image\/\"},\"sameAs\":[\"http:\/\/www.montblanc-loisirs.com\",\"https:\/\/www.facebook.com\/montblancactivities\/\"]}]}<\/script>\n<!-- \/ Yoast SEO plugin. -->","yoast_head_json":{"title":"XC SKIING - MONTBLANC-LOISIRS.COM CHAMONIX","robots":{"index":"index","follow":"follow","max-snippet":"max-snippet:-1","max-image-preview":"max-image-preview:large","max-video-preview":"max-video-preview:-1"},"canonical":"https:\/\/montblanc-loisirs.com\/ski-de-fond\/","og_locale":"en_GB","og_type":"article","og_title":"XC SKIING - MONTBLANC-LOISIRS.COM","og_url":"https:\/\/montblanc-loisirs.com\/ski-de-fond\/","og_site_name":"MONTBLANC-LOISIRS.COM","article_publisher":"https:\/\/www.facebook.com\/montblancactivities\/","article_modified_time":"2025-12-04T12:23:10+00:00","og_image":[{"width":300,"height":200,"url":"https:\/\/montblanc-loisirs.com\/wp-content\/uploads\/2020\/12\/Chamonix-Cross-Country-Skiing-Argentiere-300x200-1.jpg","type":"image\/jpeg"}],"twitter_card":"summary_large_image","twitter_misc":{"Estimated reading time":"2 minutes"},"schema":{"@context":"https:\/\/schema.org","@graph":[{"@type":"WebPage","@id":"https:\/\/montblanc-loisirs.com\/ski-de-fond\/","url":"https:\/\/montblanc-loisirs.com\/ski-de-fond\/","name":"XC SKIING - MONTBLANC-LOISIRS.COM CHAMONIX","isPartOf":{"@id":"https:\/\/montblanc-loisirs.com\/#website"},"primaryImageOfPage":{"@id":"https:\/\/montblanc-loisirs.com\/ski-de-fond\/#primaryimage"},"image":{"@id":"https:\/\/montblanc-loisirs.com\/ski-de-fond\/#primaryimage"},"thumbnailUrl":"https:\/\/montblanc-loisirs.com\/wp-content\/uploads\/2020\/12\/Chamonix-Cross-Country-Skiing-Argentiere-300x200-1.jpg","datePublished":"2017-07-15T15:53:14+00:00","dateModified":"2025-12-04T12:23:10+00:00","description":"Pour vos cours \/ le\u00e7ons de ski de fond dans la vall\u00e9e de Chamonix faite appel \u00e0 mes services. Toutes l'expertise d'un moniteur de ski de fond pour vous.","breadcrumb":{"@id":"https:\/\/montblanc-loisirs.com\/ski-de-fond\/#breadcrumb"},"inLanguage":"en-GB","potentialAction":[{"@type":"ReadAction","target":["https:\/\/montblanc-loisirs.com\/ski-de-fond\/"]}]},{"@type":"ImageObject","inLanguage":"en-GB","@id":"https:\/\/montblanc-loisirs.com\/ski-de-fond\/#primaryimage","url":"https:\/\/montblanc-loisirs.com\/wp-content\/uploads\/2020\/12\/Chamonix-Cross-Country-Skiing-Argentiere-300x200-1.jpg","contentUrl":"https:\/\/montblanc-loisirs.com\/wp-content\/uploads\/2020\/12\/Chamonix-Cross-Country-Skiing-Argentiere-300x200-1.jpg","width":300,"height":200,"caption":"Dans la trace du moniteur"},{"@type":"BreadcrumbList","@id":"https:\/\/montblanc-loisirs.com\/ski-de-fond\/#breadcrumb","itemListElement":[{"@type":"ListItem","position":1,"name":"Accueil","item":"https:\/\/montblanc-loisirs.com\/"},{"@type":"ListItem","position":2,"name":"SKI DE FOND"}]},{"@type":"WebSite","@id":"https:\/\/montblanc-loisirs.com\/#website","url":"https:\/\/montblanc-loisirs.com\/","name":"{:fr}MONTBLANC-LOISIRS.COM{:}{:gb}MONTBLANC-LOISIRS.COM{:}","description":"OUTDOOR ACTIVITIES AT CHAMONIX AND SURROUND","publisher":{"@id":"https:\/\/montblanc-loisirs.com\/#\/schema\/person\/ea649604d278c7cb5ff6f6630d66b71c"},"potentialAction":[{"@type":"SearchAction","target":{"@type":"EntryPoint","urlTemplate":"https:\/\/montblanc-loisirs.com\/?s={search_term_string}"},"query-input":{"@type":"PropertyValueSpecification","valueRequired":true,"valueName":"search_term_string"}}],"inLanguage":"en-GB"},{"@type":["Person","Organization"],"@id":"https:\/\/montblanc-loisirs.com\/#\/schema\/person\/ea649604d278c7cb5ff6f6630d66b71c","name":"admin7555","image":{"@type":"ImageObject","inLanguage":"en-GB","@id":"https:\/\/montblanc-loisirs.com\/#\/schema\/person\/image\/","url":"https:\/\/secure.gravatar.com\/avatar\/60b22345ab8d28b7016fcf0405769824?s=96&d=mm&r=g","contentUrl":"https:\/\/secure.gravatar.com\/avatar\/60b22345ab8d28b7016fcf0405769824?s=96&d=mm&r=g","caption":"admin7555"},"logo":{"@id":"https:\/\/montblanc-loisirs.com\/#\/schema\/person\/image\/"},"sameAs":["http:\/\/www.montblanc-loisirs.com","https:\/\/www.facebook.com\/montblancactivities\/"]}]}},"_links":{"self":[{"href":"https:\/\/montblanc-loisirs.com\/gb\/wp-json\/wp\/v2\/pages\/48"}],"collection":[{"href":"https:\/\/montblanc-loisirs.com\/gb\/wp-json\/wp\/v2\/pages"}],"about":[{"href":"https:\/\/montblanc-loisirs.com\/gb\/wp-json\/wp\/v2\/types\/page"}],"author":[{"embeddable":true,"href":"https:\/\/montblanc-loisirs.com\/gb\/wp-json\/wp\/v2\/users\/1"}],"replies":[{"embeddable":true,"href":"https:\/\/montblanc-loisirs.com\/gb\/wp-json\/wp\/v2\/comments?post=48"}],"version-history":[{"count":29,"href":"https:\/\/montblanc-loisirs.com\/gb\/wp-json\/wp\/v2\/pages\/48\/revisions"}],"predecessor-version":[{"id":1063,"href":"https:\/\/montblanc-loisirs.com\/gb\/wp-json\/wp\/v2\/pages\/48\/revisions\/1063"}],"wp:featuredmedia":[{"embeddable":true,"href":"https:\/\/montblanc-loisirs.com\/gb\/wp-json\/wp\/v2\/media\/953"}],"wp:attachment":[{"href":"https:\/\/montblanc-loisirs.com\/gb\/wp-json\/wp\/v2\/media?parent=48"}],"curies":[{"name":"wp","href":"https:\/\/api.w.org\/{rel}","templated":true}]}}