{"id":741,"date":"2020-04-29T10:40:10","date_gmt":"2020-04-29T08:40:10","guid":{"rendered":"http:\/\/montblanc-loisirs.com\/?page_id=741"},"modified":"2025-12-10T17:01:48","modified_gmt":"2025-12-10T16:01:48","slug":"biathlon-ete","status":"publish","type":"page","link":"https:\/\/montblanc-loisirs.com\/gb\/biathlon-ete\/","title":{"rendered":"SUMMER BIATHLON"},"content":{"rendered":"<h1>SUMMER BIATHLON<\/h1>\n<h2>SUMMER BIATHLON ACTIVITY IN CHAMONIX<\/h2>\n<p>Summer Biathlon activity is a fun way to practice with an other sport like <strong>running, mountain biking, roller.<\/strong><\/p>\n<div id=\"attachment_742\" style=\"width: 310px\" class=\"wp-caption aligncenter\"><a href=\"http:\/\/montblanc-loisirs.com\/biathlon-ete\/biathlon-ete-ski-roulette\/\" rel=\"attachment wp-att-742\"><img loading=\"lazy\" decoding=\"async\" aria-describedby=\"caption-attachment-742\" class=\"wp-image-742 size-medium\" title=\"Summer Biathlon is a fun activity for individual, family or friends\" src=\"http:\/\/montblanc-loisirs.com\/wp-content\/uploads\/2020\/04\/biathlon-\u00e9t\u00e9-ski-roulette-300x168.jpg\" alt=\"Summer Biathlon is a fun activity for individual, family or friends\" width=\"300\" height=\"168\" \/><\/a><p id=\"caption-attachment-742\" class=\"wp-caption-text\">Summer Biathlon is a fun activity for individual, family or friends<\/p><\/div>\n<p>I offer <strong>private summer Biathlon courses<\/strong> from beginner to expert. Most popular in the winter, Biathlon activity is a discipline that you can practice all year round.<\/p>\n<p>The shouting range is located at 5 Kilometres North from Chamonix town. Beautiful place nearby forest and water fall.<\/p>\n<p>Instructor fee for Summer Biathlon in Chamonix here.<\/p>\n<p>&nbsp;<\/p>\n<div id=\"attachment_747\" style=\"width: 285px\" class=\"wp-caption aligncenter\"><a href=\"http:\/\/montblanc-loisirs.com\/biathlon-ete\/carabine-biathlon-ete\/\" rel=\"attachment wp-att-747\"><img loading=\"lazy\" decoding=\"async\" aria-describedby=\"caption-attachment-747\" class=\"size-full wp-image-747\" src=\"http:\/\/montblanc-loisirs.com\/wp-content\/uploads\/2020\/04\/carabine-biathlon-\u00e9t\u00e9.jpg\" alt=\"shooting targets prone position\" width=\"275\" height=\"183\" \/><\/a><p id=\"caption-attachment-747\" class=\"wp-caption-text\">shooting targets prone position<\/p><\/div>\n<p>Contact \/Booking: Email\u00a0<a href=\"mailto:info@montblanc-loisirs.com\"> info@montblanc-loisirs.com<\/a> \/ Phone 00 (33) 661766368<\/p>\n","protected":false},"excerpt":{"rendered":"<p>SUMMER BIATHLON SUMMER BIATHLON ACTIVITY IN CHAMONIX Summer Biathlon activity is a fun way to practice with an other sport like running, mountain biking, roller. I offer private summer Biathlon courses from beginner to expert. Most popular in the winter, Biathlon activity is a discipline that you can practice all year round. The shouting range&#8230; <\/p>\n<div class=\"read-more\"><a href=\"https:\/\/montblanc-loisirs.com\/gb\/biathlon-ete\/\">Read More<\/a><\/div>\n","protected":false},"author":1,"featured_media":742,"parent":0,"menu_order":0,"comment_status":"closed","ping_status":"closed","template":"","meta":{"two_page_speed":{"previous_score":{"desktop_score":94,"desktop_tti":"0.9\u00a0","mobile_score":86,"mobile_tti":"3.7\u00a0","date":"10.12.2025 05:01:35 pm","status":"completed"},"current_score":{"desktop_score":92,"desktop_tti":"0.6\u00a0","mobile_score":92,"mobile_tti":"2.9\u00a0","date":"10.12.2025 05:02:11 pm","status":"completed"}},"footnotes":""},"translation":{"provider":"WPGlobus","version":"3.0.2","language":"gb","enabled_languages":["fr","gb"],"languages":{"fr":{"title":true,"content":true,"excerpt":false},"gb":{"title":true,"content":true,"excerpt":false}}},"yoast_head":"<!-- This site is optimized with the Yoast SEO plugin v24.5 - https:\/\/yoast.com\/wordpress\/plugins\/seo\/ -->\n<title>SUMMER BIATHLON - MONTBLANC-LOISIRS.COM<\/title>\n<meta name=\"robots\" content=\"index, follow, max-snippet:-1, max-image-preview:large, max-video-preview:-1\" \/>\n<link rel=\"canonical\" href=\"https:\/\/montblanc-loisirs.com\/gb\/biathlon-ete\/\" \/>\n<meta property=\"og:locale\" content=\"en_GB\" \/>\n<meta property=\"og:type\" content=\"article\" \/>\n<meta property=\"og:title\" content=\"SUMMER BIATHLON - MONTBLANC-LOISIRS.COM\" \/>\n<meta property=\"og:url\" content=\"https:\/\/montblanc-loisirs.com\/gb\/biathlon-ete\/\" \/>\n<meta property=\"og:site_name\" content=\"MONTBLANC-LOISIRS.COM\" \/>\n<meta property=\"article:publisher\" content=\"https:\/\/www.facebook.com\/montblancactivities\/\" \/>\n<meta property=\"article:modified_time\" content=\"2025-12-10T16:01:48+00:00\" \/>\n<meta property=\"og:image\" content=\"https:\/\/montblanc-loisirs.com\/wp-content\/uploads\/2020\/04\/biathlon-\u00e9t\u00e9-ski-roulette-e1588149542914.jpg\" \/>\n\t<meta property=\"og:image:width\" content=\"300\" \/>\n\t<meta property=\"og:image:height\" content=\"168\" \/>\n\t<meta property=\"og:image:type\" content=\"image\/jpeg\" \/>\n<meta name=\"twitter:card\" content=\"summary_large_image\" \/>\n<meta name=\"twitter:label1\" content=\"Estimated reading time\" \/>\n\t<meta name=\"twitter:data1\" content=\"4 minutes\" \/>\n<script type=\"application\/ld+json\" class=\"yoast-schema-graph\">{\"@context\":\"https:\/\/schema.org\",\"@graph\":[{\"@type\":\"WebPage\",\"@id\":\"https:\/\/montblanc-loisirs.com\/gb\/biathlon-ete\/\",\"url\":\"https:\/\/montblanc-loisirs.com\/gb\/biathlon-ete\/\",\"name\":\"SUMMER BIATHLON - MONTBLANC-LOISIRS.COM\",\"isPartOf\":{\"@id\":\"https:\/\/montblanc-loisirs.com\/#website\"},\"primaryImageOfPage\":{\"@id\":\"https:\/\/montblanc-loisirs.com\/gb\/biathlon-ete\/#primaryimage\"},\"image\":{\"@id\":\"https:\/\/montblanc-loisirs.com\/gb\/biathlon-ete\/#primaryimage\"},\"thumbnailUrl\":\"https:\/\/montblanc-loisirs.com\/wp-content\/uploads\/2020\/04\/biathlon-\u00e9t\u00e9-ski-roulette-e1588149542914.jpg\",\"datePublished\":\"2020-04-29T08:40:10+00:00\",\"dateModified\":\"2025-12-10T16:01:48+00:00\",\"description\":\"{:0}Le Biathlon est une activit\u00e9 qui se pratique toute l'ann\u00e9e. Connu l'hiver sur les circuits internationaux. L'\u00e9t\u00e9, il est possible de le pratiquer en initiation \u00e0 Chamonix. Cours priv\u00e9s\",\"breadcrumb\":{\"@id\":\"https:\/\/montblanc-loisirs.com\/gb\/biathlon-ete\/#breadcrumb\"},\"inLanguage\":\"en-GB\",\"potentialAction\":[{\"@type\":\"ReadAction\",\"target\":[\"https:\/\/montblanc-loisirs.com\/gb\/biathlon-ete\/\"]}]},{\"@type\":\"ImageObject\",\"inLanguage\":\"en-GB\",\"@id\":\"https:\/\/montblanc-loisirs.com\/gb\/biathlon-ete\/#primaryimage\",\"url\":\"https:\/\/montblanc-loisirs.com\/wp-content\/uploads\/2020\/04\/biathlon-\u00e9t\u00e9-ski-roulette-e1588149542914.jpg\",\"contentUrl\":\"https:\/\/montblanc-loisirs.com\/wp-content\/uploads\/2020\/04\/biathlon-\u00e9t\u00e9-ski-roulette-e1588149542914.jpg\",\"width\":300,\"height\":168,\"caption\":\"Summer Biathlon is a fun activity\"},{\"@type\":\"BreadcrumbList\",\"@id\":\"https:\/\/montblanc-loisirs.com\/gb\/biathlon-ete\/#breadcrumb\",\"itemListElement\":[{\"@type\":\"ListItem\",\"position\":1,\"name\":\"Accueil\",\"item\":\"https:\/\/montblanc-loisirs.com\/\"},{\"@type\":\"ListItem\",\"position\":2,\"name\":\"SUMMER BIATHLON\"}]},{\"@type\":\"WebSite\",\"@id\":\"https:\/\/montblanc-loisirs.com\/#website\",\"url\":\"https:\/\/montblanc-loisirs.com\/\",\"name\":\"{:fr}MONTBLANC-LOISIRS.COM{:}{:gb}MONTBLANC-LOISIRS.COM{:}\",\"description\":\"OUTDOOR ACTIVITIES AT CHAMONIX AND SURROUND\",\"publisher\":{\"@id\":\"https:\/\/montblanc-loisirs.com\/#\/schema\/person\/ea649604d278c7cb5ff6f6630d66b71c\"},\"potentialAction\":[{\"@type\":\"SearchAction\",\"target\":{\"@type\":\"EntryPoint\",\"urlTemplate\":\"https:\/\/montblanc-loisirs.com\/?s={search_term_string}\"},\"query-input\":{\"@type\":\"PropertyValueSpecification\",\"valueRequired\":true,\"valueName\":\"search_term_string\"}}],\"inLanguage\":\"en-GB\"},{\"@type\":[\"Person\",\"Organization\"],\"@id\":\"https:\/\/montblanc-loisirs.com\/#\/schema\/person\/ea649604d278c7cb5ff6f6630d66b71c\",\"name\":\"admin7555\",\"image\":{\"@type\":\"ImageObject\",\"inLanguage\":\"en-GB\",\"@id\":\"https:\/\/montblanc-loisirs.com\/#\/schema\/person\/image\/\",\"url\":\"https:\/\/secure.gravatar.com\/avatar\/60b22345ab8d28b7016fcf0405769824?s=96&d=mm&r=g\",\"contentUrl\":\"https:\/\/secure.gravatar.com\/avatar\/60b22345ab8d28b7016fcf0405769824?s=96&d=mm&r=g\",\"caption\":\"admin7555\"},\"logo\":{\"@id\":\"https:\/\/montblanc-loisirs.com\/#\/schema\/person\/image\/\"},\"sameAs\":[\"http:\/\/www.montblanc-loisirs.com\",\"https:\/\/www.facebook.com\/montblancactivities\/\"]}]}<\/script>\n<!-- \/ Yoast SEO plugin. -->","yoast_head_json":{"title":"SUMMER BIATHLON - MONTBLANC-LOISIRS.COM","robots":{"index":"index","follow":"follow","max-snippet":"max-snippet:-1","max-image-preview":"max-image-preview:large","max-video-preview":"max-video-preview:-1"},"canonical":"https:\/\/montblanc-loisirs.com\/gb\/biathlon-ete\/","og_locale":"en_GB","og_type":"article","og_title":"SUMMER BIATHLON - MONTBLANC-LOISIRS.COM","og_url":"https:\/\/montblanc-loisirs.com\/gb\/biathlon-ete\/","og_site_name":"MONTBLANC-LOISIRS.COM","article_publisher":"https:\/\/www.facebook.com\/montblancactivities\/","article_modified_time":"2025-12-10T16:01:48+00:00","og_image":[{"width":300,"height":168,"url":"https:\/\/montblanc-loisirs.com\/wp-content\/uploads\/2020\/04\/biathlon-\u00e9t\u00e9-ski-roulette-e1588149542914.jpg","type":"image\/jpeg"}],"twitter_card":"summary_large_image","twitter_misc":{"Estimated reading time":"4 minutes"},"schema":{"@context":"https:\/\/schema.org","@graph":[{"@type":"WebPage","@id":"https:\/\/montblanc-loisirs.com\/gb\/biathlon-ete\/","url":"https:\/\/montblanc-loisirs.com\/gb\/biathlon-ete\/","name":"SUMMER BIATHLON - MONTBLANC-LOISIRS.COM","isPartOf":{"@id":"https:\/\/montblanc-loisirs.com\/#website"},"primaryImageOfPage":{"@id":"https:\/\/montblanc-loisirs.com\/gb\/biathlon-ete\/#primaryimage"},"image":{"@id":"https:\/\/montblanc-loisirs.com\/gb\/biathlon-ete\/#primaryimage"},"thumbnailUrl":"https:\/\/montblanc-loisirs.com\/wp-content\/uploads\/2020\/04\/biathlon-\u00e9t\u00e9-ski-roulette-e1588149542914.jpg","datePublished":"2020-04-29T08:40:10+00:00","dateModified":"2025-12-10T16:01:48+00:00","description":"{:0}Le Biathlon est une activit\u00e9 qui se pratique toute l'ann\u00e9e. Connu l'hiver sur les circuits internationaux. L'\u00e9t\u00e9, il est possible de le pratiquer en initiation \u00e0 Chamonix. Cours priv\u00e9s","breadcrumb":{"@id":"https:\/\/montblanc-loisirs.com\/gb\/biathlon-ete\/#breadcrumb"},"inLanguage":"en-GB","potentialAction":[{"@type":"ReadAction","target":["https:\/\/montblanc-loisirs.com\/gb\/biathlon-ete\/"]}]},{"@type":"ImageObject","inLanguage":"en-GB","@id":"https:\/\/montblanc-loisirs.com\/gb\/biathlon-ete\/#primaryimage","url":"https:\/\/montblanc-loisirs.com\/wp-content\/uploads\/2020\/04\/biathlon-\u00e9t\u00e9-ski-roulette-e1588149542914.jpg","contentUrl":"https:\/\/montblanc-loisirs.com\/wp-content\/uploads\/2020\/04\/biathlon-\u00e9t\u00e9-ski-roulette-e1588149542914.jpg","width":300,"height":168,"caption":"Summer Biathlon is a fun activity"},{"@type":"BreadcrumbList","@id":"https:\/\/montblanc-loisirs.com\/gb\/biathlon-ete\/#breadcrumb","itemListElement":[{"@type":"ListItem","position":1,"name":"Accueil","item":"https:\/\/montblanc-loisirs.com\/"},{"@type":"ListItem","position":2,"name":"SUMMER BIATHLON"}]},{"@type":"WebSite","@id":"https:\/\/montblanc-loisirs.com\/#website","url":"https:\/\/montblanc-loisirs.com\/","name":"{:fr}MONTBLANC-LOISIRS.COM{:}{:gb}MONTBLANC-LOISIRS.COM{:}","description":"OUTDOOR ACTIVITIES AT CHAMONIX AND SURROUND","publisher":{"@id":"https:\/\/montblanc-loisirs.com\/#\/schema\/person\/ea649604d278c7cb5ff6f6630d66b71c"},"potentialAction":[{"@type":"SearchAction","target":{"@type":"EntryPoint","urlTemplate":"https:\/\/montblanc-loisirs.com\/?s={search_term_string}"},"query-input":{"@type":"PropertyValueSpecification","valueRequired":true,"valueName":"search_term_string"}}],"inLanguage":"en-GB"},{"@type":["Person","Organization"],"@id":"https:\/\/montblanc-loisirs.com\/#\/schema\/person\/ea649604d278c7cb5ff6f6630d66b71c","name":"admin7555","image":{"@type":"ImageObject","inLanguage":"en-GB","@id":"https:\/\/montblanc-loisirs.com\/#\/schema\/person\/image\/","url":"https:\/\/secure.gravatar.com\/avatar\/60b22345ab8d28b7016fcf0405769824?s=96&d=mm&r=g","contentUrl":"https:\/\/secure.gravatar.com\/avatar\/60b22345ab8d28b7016fcf0405769824?s=96&d=mm&r=g","caption":"admin7555"},"logo":{"@id":"https:\/\/montblanc-loisirs.com\/#\/schema\/person\/image\/"},"sameAs":["http:\/\/www.montblanc-loisirs.com","https:\/\/www.facebook.com\/montblancactivities\/"]}]}},"_links":{"self":[{"href":"https:\/\/montblanc-loisirs.com\/gb\/wp-json\/wp\/v2\/pages\/741"}],"collection":[{"href":"https:\/\/montblanc-loisirs.com\/gb\/wp-json\/wp\/v2\/pages"}],"about":[{"href":"https:\/\/montblanc-loisirs.com\/gb\/wp-json\/wp\/v2\/types\/page"}],"author":[{"embeddable":true,"href":"https:\/\/montblanc-loisirs.com\/gb\/wp-json\/wp\/v2\/users\/1"}],"replies":[{"embeddable":true,"href":"https:\/\/montblanc-loisirs.com\/gb\/wp-json\/wp\/v2\/comments?post=741"}],"version-history":[{"count":22,"href":"https:\/\/montblanc-loisirs.com\/gb\/wp-json\/wp\/v2\/pages\/741\/revisions"}],"predecessor-version":[{"id":1082,"href":"https:\/\/montblanc-loisirs.com\/gb\/wp-json\/wp\/v2\/pages\/741\/revisions\/1082"}],"wp:featuredmedia":[{"embeddable":true,"href":"https:\/\/montblanc-loisirs.com\/gb\/wp-json\/wp\/v2\/media\/742"}],"wp:attachment":[{"href":"https:\/\/montblanc-loisirs.com\/gb\/wp-json\/wp\/v2\/media?parent=741"}],"curies":[{"name":"wp","href":"https:\/\/api.w.org\/{rel}","templated":true}]}}